{"id":800,"date":"2024-05-06T09:33:50","date_gmt":"2024-05-06T12:33:50","guid":{"rendered":"https:\/\/secretarias.fceqyn.unam.edu.ar\/secidi\/?page_id=800"},"modified":"2024-11-20T13:37:09","modified_gmt":"2024-11-20T16:37:09","slug":"comite-de-etica-en-investigacion-en-salud","status":"publish","type":"page","link":"https:\/\/secretarias.fceqyn.unam.edu.ar\/secidi\/comite-de-etica-en-investigacion-en-salud\/","title":{"rendered":"Comit\u00e9 de \u00c9tica en Investigaci\u00f3n en Salud"},"content":{"rendered":"\t\t<div data-elementor-type=\"wp-page\" data-elementor-id=\"800\" class=\"elementor elementor-800\" data-elementor-post-type=\"page\">\n\t\t\t\t\t\t<section data-particle_enable=\"false\" data-particle-mobile-disabled=\"false\" class=\"elementor-section elementor-top-section elementor-element elementor-element-28eec19 elementor-section-boxed elementor-section-height-default elementor-section-height-default\" data-id=\"28eec19\" data-element_type=\"section\">\n\t\t\t\t\t\t<div class=\"elementor-container elementor-column-gap-default\">\n\t\t\t\t\t<div class=\"elementor-column elementor-col-100 elementor-top-column elementor-element elementor-element-838544f\" data-id=\"838544f\" data-element_type=\"column\">\n\t\t\t<div class=\"elementor-widget-wrap elementor-element-populated\">\n\t\t\t\t\t\t<div class=\"elementor-element elementor-element-28ca90c elementor-widget elementor-widget-heading\" data-id=\"28ca90c\" data-element_type=\"widget\" data-widget_type=\"heading.default\">\n\t\t\t\t<div class=\"elementor-widget-container\">\n\t\t\t<style>\/*! elementor - v3.20.0 - 20-03-2024 *\/\n.elementor-heading-title{padding:0;margin:0;line-height:1}.elementor-widget-heading .elementor-heading-title[class*=elementor-size-]>a{color:inherit;font-size:inherit;line-height:inherit}.elementor-widget-heading .elementor-heading-title.elementor-size-small{font-size:15px}.elementor-widget-heading .elementor-heading-title.elementor-size-medium{font-size:19px}.elementor-widget-heading .elementor-heading-title.elementor-size-large{font-size:29px}.elementor-widget-heading .elementor-heading-title.elementor-size-xl{font-size:39px}.elementor-widget-heading .elementor-heading-title.elementor-size-xxl{font-size:59px}<\/style><h2 class=\"elementor-heading-title elementor-size-default\">Creaci\u00f3n y Objetivos <\/h2>\t\t<\/div>\n\t\t\t\t<\/div>\n\t\t\t\t<div class=\"elementor-element elementor-element-2141794 elementor-widget elementor-widget-text-editor\" data-id=\"2141794\" data-element_type=\"widget\" data-widget_type=\"text-editor.default\">\n\t\t\t\t<div class=\"elementor-widget-container\">\n\t\t\t<style>\/*! elementor - v3.20.0 - 20-03-2024 *\/\n.elementor-widget-text-editor.elementor-drop-cap-view-stacked .elementor-drop-cap{background-color:#69727d;color:#fff}.elementor-widget-text-editor.elementor-drop-cap-view-framed .elementor-drop-cap{color:#69727d;border:3px solid;background-color:transparent}.elementor-widget-text-editor:not(.elementor-drop-cap-view-default) .elementor-drop-cap{margin-top:8px}.elementor-widget-text-editor:not(.elementor-drop-cap-view-default) .elementor-drop-cap-letter{width:1em;height:1em}.elementor-widget-text-editor .elementor-drop-cap{float:left;text-align:center;line-height:1;font-size:50px}.elementor-widget-text-editor .elementor-drop-cap-letter{display:inline-block}<\/style>\t\t\t\t<p>Prop\u00f3sito: Brindar seguridad p\u00fablica de que la revisi\u00f3n \u00e9tica y cient\u00edfica de las investigaciones en salud humana, se realiza conforme a la normativa vigente internacional, nacional y provincial en la que se basa el presente procedimiento para proteger la dignidad, identidad, integridad y bienestar de los sujetos y el respeto de sus derechos humanos y libertades fundamentales, en el proceso de investigaci\u00f3n con seres humanos<\/p><p>Alcances: Se halla comprendida dentro de sus incumbencias toda investigaci\u00f3n en salud humana seg\u00fan resoluci\u00f3n, lo que se refiere a cualquier actividad de las ciencias de la salud que involucre la recolecci\u00f3n sistem\u00e1tica o el an\u00e1lisis de datos con la intenci\u00f3n de generar nuevo conocimiento, en la que se expone a seres humanos a observaci\u00f3n, intervenci\u00f3n u otro tipo de interacci\u00f3n con los investigadores, sea de manera directa o a trav\u00e9s de la alteraci\u00f3n de su ambiente o por medio de la recolecci\u00f3n o el uso de material biol\u00f3gico o datos personales u otro tipo de registro.<\/p><p>Creaci\u00f3n y Miembros &#8211; Resol CD 459\/23 &#8211; <a href=\"http:\/\/secretarias.fceqyn.unam.edu.ar\/secidi\/wp-content\/uploads\/sites\/2\/2024\/05\/Resolucion-Aprobacion-Designacion-y-Reglamento-Comite-de-Etica-en-Salud.pdf\">Descargar<\/a><\/p><p>Disposici\u00f3n 012_24 Acreditaci\u00f3n CEIS Ministerio de salud de Misiones &#8211; <a href=\"http:\/\/secretarias.fceqyn.unam.edu.ar\/secidi\/wp-content\/uploads\/sites\/2\/2024\/11\/DISPOSICION-012_24-ACREDITACION-CEIS-POR-MINISTERIO-DE-SALUD.pdf\">Descargar<\/a><\/p><p>Autoridades &#8211; Disposici\u00f3n\u00a0 049\/24 <a href=\"http:\/\/secretarias.fceqyn.unam.edu.ar\/secidi\/wp-content\/uploads\/sites\/2\/2024\/05\/Disposicion-Autoridades-CEIS-2.pdf\">Descargar<\/a><\/p><p>Reglamento Interno &#8211; <a href=\"http:\/\/secretarias.fceqyn.unam.edu.ar\/secidi\/wp-content\/uploads\/sites\/2\/2024\/05\/Reglamento-Interno-CEIS-Abril-2024.pdf\">Descargar<\/a><\/p><p>Informaci\u00f3n requerida para la evaluaci\u00f3n: <a href=\"http:\/\/secretarias.fceqyn.unam.edu.ar\/secidi\/wp-content\/uploads\/sites\/2\/2024\/05\/Informacion-Requerida-para-la-evaluacion.pdf\">Descargar<\/a><\/p>\t\t\t\t\t\t<\/div>\n\t\t\t\t<\/div>\n\t\t\t\t\t<\/div>\n\t\t<\/div>\n\t\t\t\t\t<\/div>\n\t\t<\/section>\n\t\t\t\t<section data-particle_enable=\"false\" data-particle-mobile-disabled=\"false\" class=\"elementor-section elementor-top-section elementor-element elementor-element-eec9914 elementor-section-boxed elementor-section-height-default elementor-section-height-default\" data-id=\"eec9914\" data-element_type=\"section\">\n\t\t\t\t\t\t<div class=\"elementor-container elementor-column-gap-default\">\n\t\t\t\t\t<div class=\"elementor-column elementor-col-100 elementor-top-column elementor-element elementor-element-d6f7c6d\" data-id=\"d6f7c6d\" data-element_type=\"column\">\n\t\t\t<div class=\"elementor-widget-wrap elementor-element-populated\">\n\t\t\t\t\t\t<div class=\"elementor-element elementor-element-caf83f7 elementor-widget elementor-widget-text-editor\" data-id=\"caf83f7\" data-element_type=\"widget\" data-widget_type=\"text-editor.default\">\n\t\t\t\t<div class=\"elementor-widget-container\">\n\t\t\t\t\t\t\t<p>PROCEDIMIENTO<strong> PARA SOLICITAR EVALUACION DEL COMIT\u00c9 DE ETICA DE INVESTIGACION EN SALUD<\/strong><\/p><p><strong>CIRCUITO ADMINISTRATIVO:<\/strong><\/p><p>Los proyectos de investigaci\u00f3n deber\u00e1n ser presentados por el investigador principal a la\u00a0SECIDI, con aval del director, indicando la necesidad de evaluaci\u00f3n del CEIS.<br \/>La SECIDI verificar\u00e1 que el proyecto cuente con:<br \/>\u25cf Solicitud de aprobaci\u00f3n del consentimiento informado previsto en el proyecto, o solicitud<br \/>de excepci\u00f3n del consentimiento. Firmado por investigador y director del proyecto.<br \/>\u25cf Indicaci\u00f3n del objeto del proyecto (convocatoria de investigaci\u00f3n, tesina de grado,<br \/>trabajo integrador final, tesis de posgrado, entre otros).<br \/>\u25cf Resumen del proyecto, debe presentarse en formato impreso (preferentemente) o digitalizado. En el resumen, deben figurar los nombres del personal involucrado en la investigaci\u00f3n, as\u00ed como el director del proyecto. Adem\u00e1s, se deben incluir los curr\u00edculums vitae de cada uno de los participantes y toda la informaci\u00f3n requerida por el CEIS, seg\u00fan el tipo de proyecto.<\/p><p><strong>*Atento al trabajo conjunto con el Comite de Etica Provincial (CEIP):<\/strong><\/p><p><strong>En paralelo se debe realizar la presentaci\u00f3n electr\u00f3nica de ambos Comites CEIS y CEIP respectivamente:<\/strong><\/p><p>PASO 1: Para el caso del <strong>Comit\u00e9 de \u00c9tica en Investigaci\u00f3n en Salud<span style=\"font-family: Calibri, 'sans-serif';font-size: 11pt;color: var( --e-global-color-text )\">\u00a0(<\/span><span style=\"color: var( --e-global-color-text );font-family: var( --e-global-typography-text-font-family ), Sans-serif;font-size: 1rem\">CEIS):\u00a0<\/span><\/strong> ingresando al Link formulario de Google\u00a0\u00a0<a href=\"https:\/\/forms.gle\/qFZxaFpta6PHi4JXA\" target=\"_blank\" rel=\"noopener\" data-saferedirecturl=\"https:\/\/www.google.com\/url?q=https:\/\/forms.gle\/qFZxaFpta6PHi4JXA&amp;source=gmail&amp;ust=1715082903833000&amp;usg=AOvVaw0iPjNoiXZ4UPoW7l5np0ng\">https:\/\/forms.gle\/qFZxaFpta6PHi4JXA<\/a><\/p><div><p>PASO 2: Para el caso del <strong><span style=\"color: var( --e-global-color-text );font-family: var( --e-global-typography-text-font-family ), Sans-serif;font-size: 1rem\">Comit\u00e9 de \u00c9tica en Investigaci\u00f3n Provincial (CEIP): <\/span><\/strong><span style=\"color: var( --e-global-color-text );font-family: var( --e-global-typography-text-font-family ), Sans-serif;font-size: 1rem\">ingresando al Link<\/span><\/p><p><a href=\"https:\/\/salud.misiones.gob.ar\/investigacion-para-la-salud\/\">https:\/\/salud.misiones.gob.ar\/investigacion-para-la-salud\/<\/a><\/p><p><strong>Lo solicitado a cargar en ambos incluye la siguiente documentaci\u00f3n:<\/strong><\/p><p>*Formulario de autorizaci\u00f3n institucional &#8211; <a href=\"https:\/\/secretarias.fceqyn.unam.edu.ar\/secidi\/wp-content\/uploads\/sites\/2\/2024\/11\/FORMULARIO-Guia-AVAL-INSTITUCIONAL.docx\">Descargar<\/a><\/p><\/div><p>*Curriculum del director y del Investigador Principal del proyecto<\/p><p>*Proyecto o Memoria t\u00e9cnica (Incluyendo o no consentimiento informado)<\/p><div><div>Email: <strong>ceis@fceqyn.unam.edu.ar<\/strong><\/div><\/div>\t\t\t\t\t\t<\/div>\n\t\t\t\t<\/div>\n\t\t\t\t\t<\/div>\n\t\t<\/div>\n\t\t\t\t\t<\/div>\n\t\t<\/section>\n\t\t\t\t<\/div>\n\t\t","protected":false},"excerpt":{"rendered":"<p>\/*! elementor &#8211; v3.20.0 &#8211; 20-03-2024 *\/ .elementor-heading-title{padding:0;margin:0;line-height:1}.elementor-widget-heading .elementor-heading-title[class*=elementor-size-]&gt;a{color:inherit;font-size:inherit;line-height:inherit}.elementor-widget-heading .elementor-heading-title.elementor-size-small{font-size:15px}.elementor-widget-heading .elementor-heading-title.elementor-size-medium{font-size:19px}.elementor-widget-heading .elementor-heading-title.elementor-size-large{font-size:29px}.elementor-widget-heading .elementor-heading-title.elementor-size-xl{font-size:39px}.elementor-widget-heading .elementor-heading-title.elementor-size-xxl{font-size:59px} Creaci\u00f3n y Objetivos Prop\u00f3sito: Brindar seguridad p\u00fablica de que la revisi\u00f3n \u00e9tica y cient\u00edfica de las investigaciones en salud humana, se realiza conforme a la normativa vigente internacional, nacional y provincial en la que se basa el presente procedimiento para proteger [&hellip;]<\/p>\n","protected":false},"author":2,"featured_media":0,"parent":0,"menu_order":0,"comment_status":"closed","ping_status":"closed","template":"","meta":[],"_links":{"self":[{"href":"https:\/\/secretarias.fceqyn.unam.edu.ar\/secidi\/wp-json\/wp\/v2\/pages\/800"}],"collection":[{"href":"https:\/\/secretarias.fceqyn.unam.edu.ar\/secidi\/wp-json\/wp\/v2\/pages"}],"about":[{"href":"https:\/\/secretarias.fceqyn.unam.edu.ar\/secidi\/wp-json\/wp\/v2\/types\/page"}],"author":[{"embeddable":true,"href":"https:\/\/secretarias.fceqyn.unam.edu.ar\/secidi\/wp-json\/wp\/v2\/users\/2"}],"replies":[{"embeddable":true,"href":"https:\/\/secretarias.fceqyn.unam.edu.ar\/secidi\/wp-json\/wp\/v2\/comments?post=800"}],"version-history":[{"count":103,"href":"https:\/\/secretarias.fceqyn.unam.edu.ar\/secidi\/wp-json\/wp\/v2\/pages\/800\/revisions"}],"predecessor-version":[{"id":1038,"href":"https:\/\/secretarias.fceqyn.unam.edu.ar\/secidi\/wp-json\/wp\/v2\/pages\/800\/revisions\/1038"}],"wp:attachment":[{"href":"https:\/\/secretarias.fceqyn.unam.edu.ar\/secidi\/wp-json\/wp\/v2\/media?parent=800"}],"curies":[{"name":"wp","href":"https:\/\/api.w.org\/{rel}","templated":true}]}}