{"id":57,"date":"2023-05-22T09:12:29","date_gmt":"2023-05-22T12:12:29","guid":{"rendered":"https:\/\/secretarias.fceqyn.unam.edu.ar\/secidi\/?page_id=57"},"modified":"2023-05-22T09:15:00","modified_gmt":"2023-05-22T12:15:00","slug":"convocatorias-externas","status":"publish","type":"page","link":"https:\/\/secretarias.fceqyn.unam.edu.ar\/secidi\/convocatorias-externas\/","title":{"rendered":"Convocatorias Externas"},"content":{"rendered":"\t\t<div data-elementor-type=\"wp-page\" data-elementor-id=\"57\" class=\"elementor elementor-57\" data-elementor-post-type=\"page\">\n\t\t\t\t\t\t<section data-particle_enable=\"false\" data-particle-mobile-disabled=\"false\" class=\"elementor-section elementor-top-section elementor-element elementor-element-3ec91dc elementor-section-boxed elementor-section-height-default elementor-section-height-default\" data-id=\"3ec91dc\" data-element_type=\"section\">\n\t\t\t\t\t\t<div class=\"elementor-container elementor-column-gap-default\">\n\t\t\t\t\t<div class=\"elementor-column elementor-col-100 elementor-top-column elementor-element elementor-element-ad1b2ee\" data-id=\"ad1b2ee\" data-element_type=\"column\">\n\t\t\t<div class=\"elementor-widget-wrap elementor-element-populated\">\n\t\t\t\t\t\t<div class=\"elementor-element elementor-element-a14335e elementor-widget elementor-widget-heading\" data-id=\"a14335e\" data-element_type=\"widget\" data-widget_type=\"heading.default\">\n\t\t\t\t<div class=\"elementor-widget-container\">\n\t\t\t<style>\/*! elementor - v3.20.0 - 20-03-2024 *\/\n.elementor-heading-title{padding:0;margin:0;line-height:1}.elementor-widget-heading .elementor-heading-title[class*=elementor-size-]>a{color:inherit;font-size:inherit;line-height:inherit}.elementor-widget-heading .elementor-heading-title.elementor-size-small{font-size:15px}.elementor-widget-heading .elementor-heading-title.elementor-size-medium{font-size:19px}.elementor-widget-heading .elementor-heading-title.elementor-size-large{font-size:29px}.elementor-widget-heading .elementor-heading-title.elementor-size-xl{font-size:39px}.elementor-widget-heading .elementor-heading-title.elementor-size-xxl{font-size:59px}<\/style><h2 class=\"elementor-heading-title elementor-size-default\">Convocatorias CONICET<\/h2>\t\t<\/div>\n\t\t\t\t<\/div>\n\t\t\t\t\t<\/div>\n\t\t<\/div>\n\t\t\t\t\t<\/div>\n\t\t<\/section>\n\t\t\t\t<section data-particle_enable=\"false\" data-particle-mobile-disabled=\"false\" class=\"elementor-section elementor-top-section elementor-element elementor-element-06da18d elementor-section-boxed elementor-section-height-default elementor-section-height-default\" data-id=\"06da18d\" data-element_type=\"section\">\n\t\t\t\t\t\t<div class=\"elementor-container elementor-column-gap-default\">\n\t\t\t\t\t<div class=\"elementor-column elementor-col-100 elementor-top-column elementor-element elementor-element-d1fd5b9\" data-id=\"d1fd5b9\" data-element_type=\"column\">\n\t\t\t<div class=\"elementor-widget-wrap elementor-element-populated\">\n\t\t\t\t\t\t<div class=\"elementor-element elementor-element-8e71f76 elementor-widget elementor-widget-spacer\" data-id=\"8e71f76\" data-element_type=\"widget\" data-widget_type=\"spacer.default\">\n\t\t\t\t<div class=\"elementor-widget-container\">\n\t\t\t<style>\/*! elementor - v3.20.0 - 20-03-2024 *\/\n.elementor-column .elementor-spacer-inner{height:var(--spacer-size)}.e-con{--container-widget-width:100%}.e-con-inner>.elementor-widget-spacer,.e-con>.elementor-widget-spacer{width:var(--container-widget-width,var(--spacer-size));--align-self:var(--container-widget-align-self,initial);--flex-shrink:0}.e-con-inner>.elementor-widget-spacer>.elementor-widget-container,.e-con>.elementor-widget-spacer>.elementor-widget-container{height:100%;width:100%}.e-con-inner>.elementor-widget-spacer>.elementor-widget-container>.elementor-spacer,.e-con>.elementor-widget-spacer>.elementor-widget-container>.elementor-spacer{height:100%}.e-con-inner>.elementor-widget-spacer>.elementor-widget-container>.elementor-spacer>.elementor-spacer-inner,.e-con>.elementor-widget-spacer>.elementor-widget-container>.elementor-spacer>.elementor-spacer-inner{height:var(--container-widget-height,var(--spacer-size))}.e-con-inner>.elementor-widget-spacer.elementor-widget-empty,.e-con>.elementor-widget-spacer.elementor-widget-empty{position:relative;min-height:22px;min-width:22px}.e-con-inner>.elementor-widget-spacer.elementor-widget-empty .elementor-widget-empty-icon,.e-con>.elementor-widget-spacer.elementor-widget-empty .elementor-widget-empty-icon{position:absolute;top:0;bottom:0;left:0;right:0;margin:auto;padding:0;width:22px;height:22px}<\/style>\t\t<div class=\"elementor-spacer\">\n\t\t\t<div class=\"elementor-spacer-inner\"><\/div>\n\t\t<\/div>\n\t\t\t\t<\/div>\n\t\t\t\t<\/div>\n\t\t\t\t\t<\/div>\n\t\t<\/div>\n\t\t\t\t\t<\/div>\n\t\t<\/section>\n\t\t\t\t<section data-particle_enable=\"false\" data-particle-mobile-disabled=\"false\" class=\"elementor-section elementor-top-section elementor-element elementor-element-74772d5 elementor-section-boxed elementor-section-height-default elementor-section-height-default\" data-id=\"74772d5\" data-element_type=\"section\">\n\t\t\t\t\t\t<div class=\"elementor-container elementor-column-gap-default\">\n\t\t\t\t\t<div class=\"elementor-column elementor-col-100 elementor-top-column elementor-element elementor-element-161db78\" data-id=\"161db78\" data-element_type=\"column\">\n\t\t\t<div class=\"elementor-widget-wrap elementor-element-populated\">\n\t\t\t\t\t\t<div class=\"elementor-element elementor-element-b2ffdbf elementor-widget elementor-widget-text-editor\" data-id=\"b2ffdbf\" data-element_type=\"widget\" data-widget_type=\"text-editor.default\">\n\t\t\t\t<div class=\"elementor-widget-container\">\n\t\t\t<style>\/*! elementor - v3.20.0 - 20-03-2024 *\/\n.elementor-widget-text-editor.elementor-drop-cap-view-stacked .elementor-drop-cap{background-color:#69727d;color:#fff}.elementor-widget-text-editor.elementor-drop-cap-view-framed .elementor-drop-cap{color:#69727d;border:3px solid;background-color:transparent}.elementor-widget-text-editor:not(.elementor-drop-cap-view-default) .elementor-drop-cap{margin-top:8px}.elementor-widget-text-editor:not(.elementor-drop-cap-view-default) .elementor-drop-cap-letter{width:1em;height:1em}.elementor-widget-text-editor .elementor-drop-cap{float:left;text-align:center;line-height:1;font-size:50px}.elementor-widget-text-editor .elementor-drop-cap-letter{display:inline-block}<\/style>\t\t\t\t<p><strong>Convocatoria peri\u00f3dica anual CONICET<\/strong><\/p><p>El Directorio del CONICET llama a concurso de Becas Internas de Posgrado Tipo I (3 a\u00f1os), de Posgrado Tipo II y Posdoctorales Libres y Cofinanciadas.<\/p><p><strong>Fechas<\/strong><\/p><ul><li>Recepci\u00f3n de Solicitudes: del 1\u00ba al 30 de Junio de 2011<\/li><li>Control de solicitudes: del 1 de julio al 12 de Agosto de 2011<\/li><li>Proceso de evaluaci\u00f3n: entre Agosto y Octubre de 2011<\/li><li>Publicaci\u00f3n de resultados: Noviembre de 2011<\/li><li>Inicio de actividades de la beca: 1 de Abril de 2012<\/li><\/ul><p>El postulante deber\u00e1 completar electr\u00f3nicamente su solicitud de beca a trav\u00e9s del sistema inform\u00e1tico SIGEVA, manteni\u00e9ndose la obligaci\u00f3n de presentar un ejemplar impreso y firmado en la Mesa de Entradas de la Sede Central o del Centro Cient\u00edfico Tecnol\u00f3gico correspondiente al lugar de trabajo propuesto, seg\u00fan lo que se indica en el archivo &#8220;Lugares de Presentaci\u00f3n&#8221;.<\/p><p>Le recomendamos leer atentamente las Bases e Instructivos antes de comenzar a completar su solicitud ya que los mismos fueron dise\u00f1ados para ayudarlo.<br \/>Las consultas deber\u00e1n dirigirse exclusivamente por mail a <span id=\"cloak86239\"><a href=\"mailto:concursobecas@conicet.gov.ar\">concursobecas@conicet.gov.ar<\/a><\/span> indicando en el asunto el tipo de beca a solicitar.<br \/>Sitio Web: <a href=\"http:\/\/www.conicet.gov.ar\/web\/conicet.convocatorias.becas\" target=\"_blank\" rel=\"noopener\">http:\/\/www.conicet.gov.ar\/web\/conicet.convocatorias.becas<\/a><\/p>\t\t\t\t\t\t<\/div>\n\t\t\t\t<\/div>\n\t\t\t\t\t<\/div>\n\t\t<\/div>\n\t\t\t\t\t<\/div>\n\t\t<\/section>\n\t\t\t\t<\/div>\n\t\t","protected":false},"excerpt":{"rendered":"<p>Convocatorias CONICET Convocatoria peri\u00f3dica anual CONICET El Directorio del CONICET llama a concurso de Becas Internas de Posgrado Tipo I (3 a\u00f1os), de Posgrado Tipo II y Posdoctorales Libres y Cofinanciadas. Fechas Recepci\u00f3n de Solicitudes: del 1\u00ba al 30 de Junio de 2011 Control de solicitudes: del 1 de julio al 12 de Agosto de [&hellip;]<\/p>\n","protected":false},"author":1,"featured_media":0,"parent":0,"menu_order":0,"comment_status":"closed","ping_status":"closed","template":"","meta":[],"_links":{"self":[{"href":"https:\/\/secretarias.fceqyn.unam.edu.ar\/secidi\/wp-json\/wp\/v2\/pages\/57"}],"collection":[{"href":"https:\/\/secretarias.fceqyn.unam.edu.ar\/secidi\/wp-json\/wp\/v2\/pages"}],"about":[{"href":"https:\/\/secretarias.fceqyn.unam.edu.ar\/secidi\/wp-json\/wp\/v2\/types\/page"}],"author":[{"embeddable":true,"href":"https:\/\/secretarias.fceqyn.unam.edu.ar\/secidi\/wp-json\/wp\/v2\/users\/1"}],"replies":[{"embeddable":true,"href":"https:\/\/secretarias.fceqyn.unam.edu.ar\/secidi\/wp-json\/wp\/v2\/comments?post=57"}],"version-history":[{"count":5,"href":"https:\/\/secretarias.fceqyn.unam.edu.ar\/secidi\/wp-json\/wp\/v2\/pages\/57\/revisions"}],"predecessor-version":[{"id":62,"href":"https:\/\/secretarias.fceqyn.unam.edu.ar\/secidi\/wp-json\/wp\/v2\/pages\/57\/revisions\/62"}],"wp:attachment":[{"href":"https:\/\/secretarias.fceqyn.unam.edu.ar\/secidi\/wp-json\/wp\/v2\/media?parent=57"}],"curies":[{"name":"wp","href":"https:\/\/api.w.org\/{rel}","templated":true}]}}