{"id":52,"date":"2023-05-22T09:11:18","date_gmt":"2023-05-22T12:11:18","guid":{"rendered":"https:\/\/secretarias.fceqyn.unam.edu.ar\/secidi\/?page_id=52"},"modified":"2025-05-15T11:34:08","modified_gmt":"2025-05-15T14:34:08","slug":"categorizacion","status":"publish","type":"page","link":"https:\/\/secretarias.fceqyn.unam.edu.ar\/secidi\/categorizacion\/","title":{"rendered":"Categorizaci\u00f3n"},"content":{"rendered":"\t\t<div data-elementor-type=\"wp-page\" data-elementor-id=\"52\" class=\"elementor elementor-52\" data-elementor-post-type=\"page\">\n\t\t\t\t\t\t<section data-particle_enable=\"false\" data-particle-mobile-disabled=\"false\" class=\"elementor-section elementor-top-section elementor-element elementor-element-d174840 elementor-section-boxed elementor-section-height-default elementor-section-height-default\" data-id=\"d174840\" data-element_type=\"section\">\n\t\t\t\t\t\t<div class=\"elementor-container elementor-column-gap-default\">\n\t\t\t\t\t<div class=\"elementor-column elementor-col-100 elementor-top-column elementor-element elementor-element-a4d9ddf\" data-id=\"a4d9ddf\" data-element_type=\"column\">\n\t\t\t<div class=\"elementor-widget-wrap elementor-element-populated\">\n\t\t\t\t\t\t<div class=\"elementor-element elementor-element-e90ee7b elementor-widget elementor-widget-toggle\" data-id=\"e90ee7b\" data-element_type=\"widget\" data-widget_type=\"toggle.default\">\n\t\t\t\t<div class=\"elementor-widget-container\">\n\t\t\t<style>\/*! elementor - v3.20.0 - 20-03-2024 *\/\n.elementor-toggle{text-align:left}.elementor-toggle .elementor-tab-title{font-weight:700;line-height:1;margin:0;padding:15px;border-bottom:1px solid #d5d8dc;cursor:pointer;outline:none}.elementor-toggle .elementor-tab-title .elementor-toggle-icon{display:inline-block;width:1em}.elementor-toggle .elementor-tab-title .elementor-toggle-icon svg{margin-inline-start:-5px;width:1em;height:1em}.elementor-toggle .elementor-tab-title .elementor-toggle-icon.elementor-toggle-icon-right{float:right;text-align:right}.elementor-toggle .elementor-tab-title .elementor-toggle-icon.elementor-toggle-icon-left{float:left;text-align:left}.elementor-toggle .elementor-tab-title .elementor-toggle-icon .elementor-toggle-icon-closed{display:block}.elementor-toggle .elementor-tab-title .elementor-toggle-icon .elementor-toggle-icon-opened{display:none}.elementor-toggle .elementor-tab-title.elementor-active{border-bottom:none}.elementor-toggle .elementor-tab-title.elementor-active .elementor-toggle-icon-closed{display:none}.elementor-toggle .elementor-tab-title.elementor-active .elementor-toggle-icon-opened{display:block}.elementor-toggle .elementor-tab-content{padding:15px;border-bottom:1px solid #d5d8dc;display:none}@media (max-width:767px){.elementor-toggle .elementor-tab-title{padding:12px}.elementor-toggle .elementor-tab-content{padding:12px 10px}}.e-con-inner>.elementor-widget-toggle,.e-con>.elementor-widget-toggle{width:var(--container-widget-width);--flex-grow:var(--container-widget-flex-grow)}<\/style>\t\t<div class=\"elementor-toggle\">\n\t\t\t\t\t\t\t<div class=\"elementor-toggle-item\">\n\t\t\t\t\t<div id=\"elementor-tab-title-2441\" class=\"elementor-tab-title\" data-tab=\"1\" role=\"button\" aria-controls=\"elementor-tab-content-2441\" aria-expanded=\"false\">\n\t\t\t\t\t\t\t\t\t\t\t\t<span class=\"elementor-toggle-icon elementor-toggle-icon-left\" aria-hidden=\"true\">\n\t\t\t\t\t\t\t\t\t\t\t\t\t\t\t<span class=\"elementor-toggle-icon-closed\"><i class=\"fas fa-caret-right\"><\/i><\/span>\n\t\t\t\t\t\t\t\t<span class=\"elementor-toggle-icon-opened\"><i class=\"elementor-toggle-icon-opened fas fa-caret-up\"><\/i><\/span>\n\t\t\t\t\t\t\t\t\t\t\t\t\t<\/span>\n\t\t\t\t\t\t\t\t\t\t\t\t<a class=\"elementor-toggle-title\" tabindex=\"0\">Categorizaci\u00f3n 2019<\/a>\n\t\t\t\t\t<\/div>\n\n\t\t\t\t\t<div id=\"elementor-tab-content-2441\" class=\"elementor-tab-content elementor-clearfix\" data-tab=\"1\" role=\"region\" aria-labelledby=\"elementor-tab-title-2441\"><p><strong>Convocatoria Categorizaci\u00f3n Sistema Nacional de Docentes Investigadores Universitarios (SiDIUN)<\/strong><\/p><p>Resoluci\u00f3n 1216\/2019 &#8211; <a href=\"https:\/\/secretarias.fceqyn.unam.edu.ar\/secidi\/wp-content\/uploads\/sites\/2\/2023\/02\/Resolucion_carrera_investig_Universidades.pdf\">Descargar<\/a><\/p><p>Anexo\u00a0Resoluci\u00f3n 1216\/2019 &#8211; <a href=\"https:\/\/secretarias.fceqyn.unam.edu.ar\/secidi\/wp-content\/uploads\/sites\/2\/2023\/02\/ANEXO_Carrera_Docente_Investigador.pdf\">Descargar<\/a><\/p><\/div>\n\t\t\t\t<\/div>\n\t\t\t\t\t\t\t<div class=\"elementor-toggle-item\">\n\t\t\t\t\t<div id=\"elementor-tab-title-2442\" class=\"elementor-tab-title\" data-tab=\"2\" role=\"button\" aria-controls=\"elementor-tab-content-2442\" aria-expanded=\"false\">\n\t\t\t\t\t\t\t\t\t\t\t\t<span class=\"elementor-toggle-icon elementor-toggle-icon-left\" aria-hidden=\"true\">\n\t\t\t\t\t\t\t\t\t\t\t\t\t\t\t<span class=\"elementor-toggle-icon-closed\"><i class=\"fas fa-caret-right\"><\/i><\/span>\n\t\t\t\t\t\t\t\t<span class=\"elementor-toggle-icon-opened\"><i class=\"elementor-toggle-icon-opened fas fa-caret-up\"><\/i><\/span>\n\t\t\t\t\t\t\t\t\t\t\t\t\t<\/span>\n\t\t\t\t\t\t\t\t\t\t\t\t<a class=\"elementor-toggle-title\" tabindex=\"0\">Categorizaci\u00f3n 2023<\/a>\n\t\t\t\t\t<\/div>\n\n\t\t\t\t\t<div id=\"elementor-tab-content-2442\" class=\"elementor-tab-content elementor-clearfix\" data-tab=\"2\" role=\"region\" aria-labelledby=\"elementor-tab-title-2442\"><p>Resoluci\u00f3n Creaci\u00f3n Programa para la Investigaci\u00f3n Universitaria Argentina\u00a0 (PRINUAR) &#8211; <a href=\"http:\/\/secretarias.fceqyn.unam.edu.ar\/secidi\/wp-content\/uploads\/sites\/2\/2023\/05\/RESOL-CRECION-PRINUAR.pdf\">Descargar<\/a><\/p><p>Reglamento (PRINUAR)<a href=\"http:\/\/secretarias.fceqyn.unam.edu.ar\/secidi\/wp-content\/uploads\/sites\/2\/2023\/05\/IF-2023-25018959-APN_SECPUME.pdf\">. Descargar<\/a>\u00a0<\/p><p>Generalidades Lanzamiento PRINUAR <a href=\"http:\/\/secretarias.fceqyn.unam.edu.ar\/secidi\/wp-content\/uploads\/sites\/2\/2023\/05\/PRINUAR-Lanzamiento.pdf\">Descargar<\/a><\/p><p>Instructivo de Presentaci\u00f3n <a href=\"http:\/\/secretarias.fceqyn.unam.edu.ar\/secidi\/wp-content\/uploads\/sites\/2\/2023\/05\/Prinuar_Capacitacion_SC.pdf\">Descargar<\/a><\/p><p>Preguntas Frecuentes PRINUAR <a href=\"http:\/\/secretarias.fceqyn.unam.edu.ar\/secidi\/wp-content\/uploads\/sites\/2\/2023\/05\/PRINUAR_-Preguntas-Frecuentes.pdf\">Descargar<\/a>\u00a0<\/p><p>Nota Importante: Por tratarse de una presentaci\u00f3n on line solo solicitaremos presentar a la SECIDI el comprobante firmado de presentaci\u00f3n a la categorizaci\u00f3n 2023 emitido por el sistema.<\/p><\/div>\n\t\t\t\t<\/div>\n\t\t\t\t\t\t\t\t<\/div>\n\t\t\t\t<\/div>\n\t\t\t\t<\/div>\n\t\t\t\t\t<\/div>\n\t\t<\/div>\n\t\t\t\t\t<\/div>\n\t\t<\/section>\n\t\t\t\t<section data-particle_enable=\"false\" data-particle-mobile-disabled=\"false\" class=\"elementor-section elementor-top-section elementor-element elementor-element-1d90052 elementor-section-boxed elementor-section-height-default elementor-section-height-default\" data-id=\"1d90052\" data-element_type=\"section\">\n\t\t\t\t\t\t<div class=\"elementor-container elementor-column-gap-default\">\n\t\t\t\t\t<div class=\"elementor-column elementor-col-100 elementor-top-column elementor-element elementor-element-b869c33\" data-id=\"b869c33\" data-element_type=\"column\">\n\t\t\t<div class=\"elementor-widget-wrap elementor-element-populated\">\n\t\t\t\t\t\t<div class=\"elementor-element elementor-element-b8e730c elementor-widget elementor-widget-text-editor\" data-id=\"b8e730c\" data-element_type=\"widget\" data-widget_type=\"text-editor.default\">\n\t\t\t\t<div class=\"elementor-widget-container\">\n\t\t\t<style>\/*! elementor - v3.20.0 - 20-03-2024 *\/\n.elementor-widget-text-editor.elementor-drop-cap-view-stacked .elementor-drop-cap{background-color:#69727d;color:#fff}.elementor-widget-text-editor.elementor-drop-cap-view-framed .elementor-drop-cap{color:#69727d;border:3px solid;background-color:transparent}.elementor-widget-text-editor:not(.elementor-drop-cap-view-default) .elementor-drop-cap{margin-top:8px}.elementor-widget-text-editor:not(.elementor-drop-cap-view-default) .elementor-drop-cap-letter{width:1em;height:1em}.elementor-widget-text-editor .elementor-drop-cap{float:left;text-align:center;line-height:1;font-size:50px}.elementor-widget-text-editor .elementor-drop-cap-letter{display:inline-block}<\/style>\t\t\t\t<p>Listado de Docentes Investigadores Categorizados de la FCEQyN &#8211; UNaM &#8211; Vigente 2015: Descargar<\/p>\t\t\t\t\t\t<\/div>\n\t\t\t\t<\/div>\n\t\t\t\t\t<\/div>\n\t\t<\/div>\n\t\t\t\t\t<\/div>\n\t\t<\/section>\n\t\t\t\t<\/div>\n\t\t","protected":false},"excerpt":{"rendered":"<p>\/*! elementor &#8211; v3.20.0 &#8211; 20-03-2024 *\/ .elementor-toggle{text-align:left}.elementor-toggle .elementor-tab-title{font-weight:700;line-height:1;margin:0;padding:15px;border-bottom:1px solid #d5d8dc;cursor:pointer;outline:none}.elementor-toggle .elementor-tab-title .elementor-toggle-icon{display:inline-block;width:1em}.elementor-toggle .elementor-tab-title .elementor-toggle-icon svg{margin-inline-start:-5px;width:1em;height:1em}.elementor-toggle .elementor-tab-title .elementor-toggle-icon.elementor-toggle-icon-right{float:right;text-align:right}.elementor-toggle .elementor-tab-title .elementor-toggle-icon.elementor-toggle-icon-left{float:left;text-align:left}.elementor-toggle .elementor-tab-title .elementor-toggle-icon .elementor-toggle-icon-closed{display:block}.elementor-toggle .elementor-tab-title .elementor-toggle-icon .elementor-toggle-icon-opened{display:none}.elementor-toggle .elementor-tab-title.elementor-active{border-bottom:none}.elementor-toggle .elementor-tab-title.elementor-active .elementor-toggle-icon-closed{display:none}.elementor-toggle .elementor-tab-title.elementor-active .elementor-toggle-icon-opened{display:block}.elementor-toggle .elementor-tab-content{padding:15px;border-bottom:1px solid #d5d8dc;display:none}@media (max-width:767px){.elementor-toggle .elementor-tab-title{padding:12px}.elementor-toggle .elementor-tab-content{padding:12px 10px}}.e-con-inner&gt;.elementor-widget-toggle,.e-con&gt;.elementor-widget-toggle{width:var(&#8211;container-widget-width);&#8211;flex-grow:var(&#8211;container-widget-flex-grow)} Categorizaci\u00f3n 2019 Convocatoria Categorizaci\u00f3n Sistema Nacional de Docentes Investigadores Universitarios (SiDIUN) Resoluci\u00f3n 1216\/2019 &#8211; Descargar Anexo\u00a0Resoluci\u00f3n 1216\/2019 [&hellip;]<\/p>\n","protected":false},"author":1,"featured_media":0,"parent":0,"menu_order":0,"comment_status":"closed","ping_status":"closed","template":"","meta":[],"_links":{"self":[{"href":"https:\/\/secretarias.fceqyn.unam.edu.ar\/secidi\/wp-json\/wp\/v2\/pages\/52"}],"collection":[{"href":"https:\/\/secretarias.fceqyn.unam.edu.ar\/secidi\/wp-json\/wp\/v2\/pages"}],"about":[{"href":"https:\/\/secretarias.fceqyn.unam.edu.ar\/secidi\/wp-json\/wp\/v2\/types\/page"}],"author":[{"embeddable":true,"href":"https:\/\/secretarias.fceqyn.unam.edu.ar\/secidi\/wp-json\/wp\/v2\/users\/1"}],"replies":[{"embeddable":true,"href":"https:\/\/secretarias.fceqyn.unam.edu.ar\/secidi\/wp-json\/wp\/v2\/comments?post=52"}],"version-history":[{"count":34,"href":"https:\/\/secretarias.fceqyn.unam.edu.ar\/secidi\/wp-json\/wp\/v2\/pages\/52\/revisions"}],"predecessor-version":[{"id":1127,"href":"https:\/\/secretarias.fceqyn.unam.edu.ar\/secidi\/wp-json\/wp\/v2\/pages\/52\/revisions\/1127"}],"wp:attachment":[{"href":"https:\/\/secretarias.fceqyn.unam.edu.ar\/secidi\/wp-json\/wp\/v2\/media?parent=52"}],"curies":[{"name":"wp","href":"https:\/\/api.w.org\/{rel}","templated":true}]}}