{"id":126,"date":"2023-05-22T09:45:00","date_gmt":"2023-05-22T12:45:00","guid":{"rendered":"https:\/\/secretarias.fceqyn.unam.edu.ar\/secidi\/?page_id=126"},"modified":"2023-05-22T09:45:50","modified_gmt":"2023-05-22T12:45:50","slug":"subsidios-secip","status":"publish","type":"page","link":"https:\/\/secretarias.fceqyn.unam.edu.ar\/secidi\/subsidios-secip\/","title":{"rendered":"Subsidios SECIP"},"content":{"rendered":"\t\t<div data-elementor-type=\"wp-page\" data-elementor-id=\"126\" class=\"elementor elementor-126\" data-elementor-post-type=\"page\">\n\t\t\t\t\t\t<section data-particle_enable=\"false\" data-particle-mobile-disabled=\"false\" class=\"elementor-section elementor-top-section elementor-element elementor-element-a7c829b elementor-section-boxed elementor-section-height-default elementor-section-height-default\" data-id=\"a7c829b\" data-element_type=\"section\">\n\t\t\t\t\t\t<div class=\"elementor-container elementor-column-gap-default\">\n\t\t\t\t\t<div class=\"elementor-column elementor-col-100 elementor-top-column elementor-element elementor-element-ae98c00\" data-id=\"ae98c00\" data-element_type=\"column\">\n\t\t\t<div class=\"elementor-widget-wrap elementor-element-populated\">\n\t\t\t\t\t\t<div class=\"elementor-element elementor-element-af5df99 elementor-widget elementor-widget-toggle\" data-id=\"af5df99\" data-element_type=\"widget\" data-widget_type=\"toggle.default\">\n\t\t\t\t<div class=\"elementor-widget-container\">\n\t\t\t<style>\/*! elementor - v3.20.0 - 20-03-2024 *\/\n.elementor-toggle{text-align:left}.elementor-toggle .elementor-tab-title{font-weight:700;line-height:1;margin:0;padding:15px;border-bottom:1px solid #d5d8dc;cursor:pointer;outline:none}.elementor-toggle .elementor-tab-title .elementor-toggle-icon{display:inline-block;width:1em}.elementor-toggle .elementor-tab-title .elementor-toggle-icon svg{margin-inline-start:-5px;width:1em;height:1em}.elementor-toggle .elementor-tab-title .elementor-toggle-icon.elementor-toggle-icon-right{float:right;text-align:right}.elementor-toggle .elementor-tab-title .elementor-toggle-icon.elementor-toggle-icon-left{float:left;text-align:left}.elementor-toggle .elementor-tab-title .elementor-toggle-icon .elementor-toggle-icon-closed{display:block}.elementor-toggle .elementor-tab-title .elementor-toggle-icon .elementor-toggle-icon-opened{display:none}.elementor-toggle .elementor-tab-title.elementor-active{border-bottom:none}.elementor-toggle .elementor-tab-title.elementor-active .elementor-toggle-icon-closed{display:none}.elementor-toggle .elementor-tab-title.elementor-active .elementor-toggle-icon-opened{display:block}.elementor-toggle .elementor-tab-content{padding:15px;border-bottom:1px solid #d5d8dc;display:none}@media (max-width:767px){.elementor-toggle .elementor-tab-title{padding:12px}.elementor-toggle .elementor-tab-content{padding:12px 10px}}.e-con-inner>.elementor-widget-toggle,.e-con>.elementor-widget-toggle{width:var(--container-widget-width);--flex-grow:var(--container-widget-flex-grow)}<\/style>\t\t<div class=\"elementor-toggle\">\n\t\t\t\t\t\t\t<div class=\"elementor-toggle-item\">\n\t\t\t\t\t<div id=\"elementor-tab-title-1831\" class=\"elementor-tab-title\" data-tab=\"1\" role=\"button\" aria-controls=\"elementor-tab-content-1831\" aria-expanded=\"false\">\n\t\t\t\t\t\t\t\t\t\t\t\t<span class=\"elementor-toggle-icon elementor-toggle-icon-left\" aria-hidden=\"true\">\n\t\t\t\t\t\t\t\t\t\t\t\t\t\t\t<span class=\"elementor-toggle-icon-closed\"><i class=\"fas fa-caret-right\"><\/i><\/span>\n\t\t\t\t\t\t\t\t<span class=\"elementor-toggle-icon-opened\"><i class=\"elementor-toggle-icon-opened fas fa-caret-up\"><\/i><\/span>\n\t\t\t\t\t\t\t\t\t\t\t\t\t<\/span>\n\t\t\t\t\t\t\t\t\t\t\t\t<a class=\"elementor-toggle-title\" tabindex=\"0\">Subsidios SECIP 2015<\/a>\n\t\t\t\t\t<\/div>\n\n\t\t\t\t\t<div id=\"elementor-tab-content-1831\" class=\"elementor-tab-content elementor-clearfix\" data-tab=\"1\" role=\"region\" aria-labelledby=\"elementor-tab-title-1831\"><p><strong>Convocatoria Subsidios 2015<\/strong><\/p><p>Solicitud de Subsidios Para Proyectos de Investigaci\u00f3n Cient\u00edfica y Tecnol\u00f3gica 2015, Aprobada por Disposici\u00f3n Decano Nro 1859 del 17\/11\/2015.<\/p><p><strong>Documentaci\u00f3n<\/strong><\/p><ul><li>Disposicion N\u00ba 1859\/15 y Reglamento de la Convocatoria &#8211; <a href=\"https:\/\/secretarias.fceqyn.unam.edu.ar\/secidi\/wp-content\/uploads\/2023\/02\/Disposicion_Subsidios_Convocatoria_2015.pdf\">Descargar<\/a><\/li><li>Anexo I &#8211; Formulario de Solicitud de Subsidios &#8211; <a href=\"https:\/\/secretarias.fceqyn.unam.edu.ar\/secidi\/wp-content\/uploads\/2023\/02\/Subsidios-Anexo-I_2015.doc\">Descargar<\/a><\/li><li>Anexo III &#8211; Planilla Relacion de Comprobantes &#8211; <a href=\"https:\/\/secretarias.fceqyn.unam.edu.ar\/secidi\/wp-content\/uploads\/2023\/02\/Subsidios-Anexo_III_2015_.doc\">Descargar<\/a><\/li><li>Declaracion Jurada &#8211; <a href=\"https:\/\/secretarias.fceqyn.unam.edu.ar\/secidi\/wp-content\/uploads\/2023\/02\/Declaracion_Jurada_Subsidios_2015.doc\">Descargar<\/a><\/li><li>Instructivo Rendicion Subsidios &#8211; <a href=\"https:\/\/secretarias.fceqyn.unam.edu.ar\/secidi\/wp-content\/uploads\/2023\/02\/Instructivo_Rendicion_Subsidio_2015.pdf\">Descargar<\/a><\/li><li>Disposici\u00f3n N\u00ba 2180\/15 &#8211; Listado de Beneficiarios &#8211; <a href=\"https:\/\/secretarias.fceqyn.unam.edu.ar\/secidi\/wp-content\/uploads\/2023\/02\/Disposicion_Pago_Subsidios_Convocatoria_2015.pdf\">Descargar<\/a><\/li><\/ul><\/div>\n\t\t\t\t<\/div>\n\t\t\t\t\t\t\t<div class=\"elementor-toggle-item\">\n\t\t\t\t\t<div id=\"elementor-tab-title-1832\" class=\"elementor-tab-title\" data-tab=\"2\" role=\"button\" aria-controls=\"elementor-tab-content-1832\" aria-expanded=\"false\">\n\t\t\t\t\t\t\t\t\t\t\t\t<span class=\"elementor-toggle-icon elementor-toggle-icon-left\" aria-hidden=\"true\">\n\t\t\t\t\t\t\t\t\t\t\t\t\t\t\t<span class=\"elementor-toggle-icon-closed\"><i class=\"fas fa-caret-right\"><\/i><\/span>\n\t\t\t\t\t\t\t\t<span class=\"elementor-toggle-icon-opened\"><i class=\"elementor-toggle-icon-opened fas fa-caret-up\"><\/i><\/span>\n\t\t\t\t\t\t\t\t\t\t\t\t\t<\/span>\n\t\t\t\t\t\t\t\t\t\t\t\t<a class=\"elementor-toggle-title\" tabindex=\"0\">Subsidios SECIP 2011<\/a>\n\t\t\t\t\t<\/div>\n\n\t\t\t\t\t<div id=\"elementor-tab-content-1832\" class=\"elementor-tab-content elementor-clearfix\" data-tab=\"2\" role=\"region\" aria-labelledby=\"elementor-tab-title-1832\"><p><strong>Convocatoria Especial 2011<\/strong><br \/>Solicitud de Subsidios Para Proyectos de Investigaci\u00f3n Cient\u00edfica y Tecnol\u00f3gica 2011, Aprobada por Disposici\u00f3n Decano Nro 1224 del 27\/09\/2011.\u00a0<\/p><p><strong>Documentaci\u00f3n<\/strong><\/p><ul><li>Subsidios otorgados Disp. 1415\/11 &#8211; <a href=\"https:\/\/secretarias.fceqyn.unam.edu.ar\/secidi\/wp-content\/uploads\/2023\/02\/Otorgamiento-Subsidios_Disp_1415-11.pdf\">Descargar<\/a><\/li><li>Disposicion N\u00ba 1224\/11 y Reglamento de la Convocatoria &#8211; <a href=\"https:\/\/secretarias.fceqyn.unam.edu.ar\/secidi\/wp-content\/uploads\/2023\/02\/Reglamento_Subsitios_Disp_1224-11.pdf\">Descargar<\/a><\/li><li>Anexo I &#8211; Formulario de Solicitud de Subsidios &#8211; <a href=\"https:\/\/secretarias.fceqyn.unam.edu.ar\/secidi\/wp-content\/uploads\/2023\/02\/Subsidios-Anexo-I_2011.doc\">Descargar<\/a><\/li><li>Anexo III &#8211; Planilla Relacion de Comprobantes &#8211; <a href=\"https:\/\/secretarias.fceqyn.unam.edu.ar\/secidi\/wp-content\/uploads\/2023\/02\/Subsidios-Anexo-III_2011.doc\">Descargar<\/a><\/li><li>Declaracion Jurada &#8211; <a href=\"https:\/\/secretarias.fceqyn.unam.edu.ar\/secidi\/wp-content\/uploads\/2023\/02\/Declaracion-Jurada-Subsidios_2011.doc\">Descargar<\/a><\/li><\/ul><\/div>\n\t\t\t\t<\/div>\n\t\t\t\t\t\t\t\t<\/div>\n\t\t\t\t<\/div>\n\t\t\t\t<\/div>\n\t\t\t\t\t<\/div>\n\t\t<\/div>\n\t\t\t\t\t<\/div>\n\t\t<\/section>\n\t\t\t\t<\/div>\n\t\t","protected":false},"excerpt":{"rendered":"<p>Subsidios SECIP 2015 Convocatoria Subsidios 2015 Solicitud de Subsidios Para Proyectos de Investigaci\u00f3n Cient\u00edfica y Tecnol\u00f3gica 2015, Aprobada por Disposici\u00f3n Decano Nro 1859 del 17\/11\/2015. Documentaci\u00f3n Disposicion N\u00ba 1859\/15 y Reglamento de la Convocatoria &#8211; Descargar Anexo I &#8211; Formulario de Solicitud de Subsidios &#8211; Descargar Anexo III &#8211; Planilla Relacion de Comprobantes &#8211; Descargar [&hellip;]<\/p>\n","protected":false},"author":1,"featured_media":0,"parent":0,"menu_order":0,"comment_status":"closed","ping_status":"closed","template":"","meta":[],"_links":{"self":[{"href":"https:\/\/secretarias.fceqyn.unam.edu.ar\/secidi\/wp-json\/wp\/v2\/pages\/126"}],"collection":[{"href":"https:\/\/secretarias.fceqyn.unam.edu.ar\/secidi\/wp-json\/wp\/v2\/pages"}],"about":[{"href":"https:\/\/secretarias.fceqyn.unam.edu.ar\/secidi\/wp-json\/wp\/v2\/types\/page"}],"author":[{"embeddable":true,"href":"https:\/\/secretarias.fceqyn.unam.edu.ar\/secidi\/wp-json\/wp\/v2\/users\/1"}],"replies":[{"embeddable":true,"href":"https:\/\/secretarias.fceqyn.unam.edu.ar\/secidi\/wp-json\/wp\/v2\/comments?post=126"}],"version-history":[{"count":4,"href":"https:\/\/secretarias.fceqyn.unam.edu.ar\/secidi\/wp-json\/wp\/v2\/pages\/126\/revisions"}],"predecessor-version":[{"id":130,"href":"https:\/\/secretarias.fceqyn.unam.edu.ar\/secidi\/wp-json\/wp\/v2\/pages\/126\/revisions\/130"}],"wp:attachment":[{"href":"https:\/\/secretarias.fceqyn.unam.edu.ar\/secidi\/wp-json\/wp\/v2\/media?parent=126"}],"curies":[{"name":"wp","href":"https:\/\/api.w.org\/{rel}","templated":true}]}}