{"id":111,"date":"2023-05-22T09:42:01","date_gmt":"2023-05-22T12:42:01","guid":{"rendered":"https:\/\/secretarias.fceqyn.unam.edu.ar\/secidi\/?page_id=111"},"modified":"2023-05-23T13:45:50","modified_gmt":"2023-05-23T16:45:50","slug":"proyectos-especiales","status":"publish","type":"page","link":"https:\/\/secretarias.fceqyn.unam.edu.ar\/secidi\/proyectos-especiales\/","title":{"rendered":"Proyectos Especiales"},"content":{"rendered":"\t\t<div data-elementor-type=\"wp-page\" data-elementor-id=\"111\" class=\"elementor elementor-111\" data-elementor-post-type=\"page\">\n\t\t\t\t\t\t<section data-particle_enable=\"false\" data-particle-mobile-disabled=\"false\" class=\"elementor-section elementor-top-section elementor-element elementor-element-ca2ca91 elementor-section-boxed elementor-section-height-default elementor-section-height-default\" data-id=\"ca2ca91\" data-element_type=\"section\">\n\t\t\t\t\t\t<div class=\"elementor-container elementor-column-gap-default\">\n\t\t\t\t\t<div class=\"elementor-column elementor-col-100 elementor-top-column elementor-element elementor-element-67dd64d\" data-id=\"67dd64d\" data-element_type=\"column\">\n\t\t\t<div class=\"elementor-widget-wrap elementor-element-populated\">\n\t\t\t\t\t\t<div class=\"elementor-element elementor-element-e7f7168 elementor-widget elementor-widget-heading\" data-id=\"e7f7168\" data-element_type=\"widget\" data-widget_type=\"heading.default\">\n\t\t\t\t<div class=\"elementor-widget-container\">\n\t\t\t<style>\/*! elementor - v3.20.0 - 20-03-2024 *\/\n.elementor-heading-title{padding:0;margin:0;line-height:1}.elementor-widget-heading .elementor-heading-title[class*=elementor-size-]>a{color:inherit;font-size:inherit;line-height:inherit}.elementor-widget-heading .elementor-heading-title.elementor-size-small{font-size:15px}.elementor-widget-heading .elementor-heading-title.elementor-size-medium{font-size:19px}.elementor-widget-heading .elementor-heading-title.elementor-size-large{font-size:29px}.elementor-widget-heading .elementor-heading-title.elementor-size-xl{font-size:39px}.elementor-widget-heading .elementor-heading-title.elementor-size-xxl{font-size:59px}<\/style><h2 class=\"elementor-heading-title elementor-size-default\">Proyectos de Investigaci\u00f3n con Impacto Tecnol\u00f3gico y Social 2015\/2016 \u200b<\/h2>\t\t<\/div>\n\t\t\t\t<\/div>\n\t\t\t\t\t<\/div>\n\t\t<\/div>\n\t\t\t\t\t<\/div>\n\t\t<\/section>\n\t\t\t\t<section data-particle_enable=\"false\" data-particle-mobile-disabled=\"false\" class=\"elementor-section elementor-top-section elementor-element elementor-element-4f57b24 elementor-section-boxed elementor-section-height-default elementor-section-height-default\" data-id=\"4f57b24\" data-element_type=\"section\">\n\t\t\t\t\t\t<div class=\"elementor-container elementor-column-gap-default\">\n\t\t\t\t\t<div class=\"elementor-column elementor-col-100 elementor-top-column elementor-element elementor-element-2575bbe\" data-id=\"2575bbe\" data-element_type=\"column\">\n\t\t\t<div class=\"elementor-widget-wrap elementor-element-populated\">\n\t\t\t\t\t\t<div class=\"elementor-element elementor-element-d4a0c84 elementor-widget elementor-widget-spacer\" data-id=\"d4a0c84\" data-element_type=\"widget\" data-widget_type=\"spacer.default\">\n\t\t\t\t<div class=\"elementor-widget-container\">\n\t\t\t<style>\/*! elementor - v3.20.0 - 20-03-2024 *\/\n.elementor-column .elementor-spacer-inner{height:var(--spacer-size)}.e-con{--container-widget-width:100%}.e-con-inner>.elementor-widget-spacer,.e-con>.elementor-widget-spacer{width:var(--container-widget-width,var(--spacer-size));--align-self:var(--container-widget-align-self,initial);--flex-shrink:0}.e-con-inner>.elementor-widget-spacer>.elementor-widget-container,.e-con>.elementor-widget-spacer>.elementor-widget-container{height:100%;width:100%}.e-con-inner>.elementor-widget-spacer>.elementor-widget-container>.elementor-spacer,.e-con>.elementor-widget-spacer>.elementor-widget-container>.elementor-spacer{height:100%}.e-con-inner>.elementor-widget-spacer>.elementor-widget-container>.elementor-spacer>.elementor-spacer-inner,.e-con>.elementor-widget-spacer>.elementor-widget-container>.elementor-spacer>.elementor-spacer-inner{height:var(--container-widget-height,var(--spacer-size))}.e-con-inner>.elementor-widget-spacer.elementor-widget-empty,.e-con>.elementor-widget-spacer.elementor-widget-empty{position:relative;min-height:22px;min-width:22px}.e-con-inner>.elementor-widget-spacer.elementor-widget-empty .elementor-widget-empty-icon,.e-con>.elementor-widget-spacer.elementor-widget-empty .elementor-widget-empty-icon{position:absolute;top:0;bottom:0;left:0;right:0;margin:auto;padding:0;width:22px;height:22px}<\/style>\t\t<div class=\"elementor-spacer\">\n\t\t\t<div class=\"elementor-spacer-inner\"><\/div>\n\t\t<\/div>\n\t\t\t\t<\/div>\n\t\t\t\t<\/div>\n\t\t\t\t\t<\/div>\n\t\t<\/div>\n\t\t\t\t\t<\/div>\n\t\t<\/section>\n\t\t\t\t<section data-particle_enable=\"false\" data-particle-mobile-disabled=\"false\" class=\"elementor-section elementor-top-section elementor-element elementor-element-89886d5 elementor-section-boxed elementor-section-height-default elementor-section-height-default\" data-id=\"89886d5\" data-element_type=\"section\">\n\t\t\t\t\t\t<div class=\"elementor-container elementor-column-gap-default\">\n\t\t\t\t\t<div class=\"elementor-column elementor-col-100 elementor-top-column elementor-element elementor-element-814e744\" data-id=\"814e744\" data-element_type=\"column\">\n\t\t\t<div class=\"elementor-widget-wrap elementor-element-populated\">\n\t\t\t\t\t\t<div class=\"elementor-element elementor-element-f8d96ba elementor-widget elementor-widget-text-editor\" data-id=\"f8d96ba\" data-element_type=\"widget\" data-widget_type=\"text-editor.default\">\n\t\t\t\t<div class=\"elementor-widget-container\">\n\t\t\t<style>\/*! elementor - v3.20.0 - 20-03-2024 *\/\n.elementor-widget-text-editor.elementor-drop-cap-view-stacked .elementor-drop-cap{background-color:#69727d;color:#fff}.elementor-widget-text-editor.elementor-drop-cap-view-framed .elementor-drop-cap{color:#69727d;border:3px solid;background-color:transparent}.elementor-widget-text-editor:not(.elementor-drop-cap-view-default) .elementor-drop-cap{margin-top:8px}.elementor-widget-text-editor:not(.elementor-drop-cap-view-default) .elementor-drop-cap-letter{width:1em;height:1em}.elementor-widget-text-editor .elementor-drop-cap{float:left;text-align:center;line-height:1;font-size:50px}.elementor-widget-text-editor .elementor-drop-cap-letter{display:inline-block}<\/style>\t\t\t\t<p><strong>Instructivo para la Presentaci\u00f3n<\/strong><\/p><p>La Secretar\u00eda General de Ciencia y Tecnolog\u00eda de la Universidad Nacional de Misiones convoca a la presentaci\u00f3n de Proyectos de Investigaci\u00f3n con Impacto Tecnol\u00f3gico y Social orientados a tem\u00e1ticas que impliquen una innovaci\u00f3n tecnol\u00f3gica o una visi\u00f3n del impacto social de las pol\u00edticas p\u00fablicas. Los proyectos deber\u00e1n ser planteados de manera interdisciplinaria por al menos dos equipos de investigaci\u00f3n diferentes de la UNaM mostrando una articulaci\u00f3n que justifique su asociaci\u00f3n. Los proyectos tendr\u00e1n 2 a\u00f1os de duraci\u00f3n y deber\u00e1n plantear metas, objetivos e indicadores de avance concretos que permitan su seguimiento y evaluaci\u00f3n. Los proyectos ser\u00e1n acreditados seg\u00fan la reglamentaci\u00f3n vigente en la UNaM (Ordenanza 040\/12).<br \/>La convocatoria estar\u00e1 abierta hasta el 14 de Mayo de 2015<\/p><p><strong>M\u00e1s Informaci\u00f3n:<\/strong><\/p><ul><li>Convocatoria &#8211; <a href=\"https:\/\/secretarias.fceqyn.unam.edu.ar\/secidi\/wp-content\/uploads\/sites\/2\/2023\/02\/Convocatoria-Proyectos-Especiales_2014.pdf\">Descargar<\/a><\/li><li>Normas de Presentaci\u00f3n &#8211; <a href=\"https:\/\/secretarias.fceqyn.unam.edu.ar\/secidi\/wp-content\/uploads\/sites\/2\/2023\/02\/Normas_Presentacion-Proyectos-Especiales_2014.pdf\">Descargar<\/a><\/li><li>Resoluci\u00f3n CS N\u00ba 040-12 &#8211; Sistema de Acreditaci\u00f3n y Registro de Proyectos &#8211; <a href=\"https:\/\/secretarias.fceqyn.unam.edu.ar\/secidi\/wp-content\/uploads\/sites\/2\/2023\/02\/Sistema-Acreditacion-Proyectos_Res-CS_040-12.pdf\">Descargar<\/a><\/li><li>Circuito de Presentaci\u00f3n y Evaluaci\u00f3n &#8211; <a href=\"https:\/\/secretarias.fceqyn.unam.edu.ar\/secidi\/wp-content\/uploads\/sites\/2\/2023\/02\/Circuito_de_Presentacion_y_Evaluacion_2014.pdf\">Descargar<\/a><\/li><li>Manual de Usuario SASPI &#8211; <a href=\"https:\/\/secretarias.fceqyn.unam.edu.ar\/secidi\/wp-content\/uploads\/sites\/2\/2023\/02\/Manual_Usuario_SASPI.pdf\">Descargar<\/a><\/li><li>Resoluci\u00f3n 1588\/15 Aprobaci\u00f3n de Proyectos &#8211; Orden de Merito &#8211; <a href=\"https:\/\/secretarias.fceqyn.unam.edu.ar\/secidi\/wp-content\/uploads\/sites\/2\/2023\/02\/Resol_1588_15_Aprobacion_Proy_Esp.pdf\">Descargar<\/a><\/li><li>Disposici\u00f3n Decano 1891\/15 &#8211; Pago de Subsidios Proy. Especiales\u00a0&#8211; <a href=\"https:\/\/secretarias.fceqyn.unam.edu.ar\/secidi\/wp-content\/uploads\/sites\/2\/2023\/02\/Resol_1891_15_Pago_Subsidio_Proy_Esp.pdf\">Descargar<\/a><\/li><li>Disposici\u00f3n Decano 337\/16 &#8211; 2do Pago de Subsidios Proy. Especiales &#8211; <a href=\"https:\/\/secretarias.fceqyn.unam.edu.ar\/secidi\/wp-content\/uploads\/sites\/2\/2023\/02\/Disposicion_337_16_2da_Pago_Subsidio.pdf\">Descargar<\/a><\/li><li>Disposici\u00f3n Decano 812\/16 &#8211; 3ra Pago de Subsidios Proy. Especiales &#8211; <a href=\"https:\/\/secretarias.fceqyn.unam.edu.ar\/secidi\/wp-content\/uploads\/sites\/2\/2023\/02\/Disposicion_812_16_3ra_Pago_Subsidio.pdf\">Descargar<\/a><\/li><li>Disposici\u00f3n Decano 1690\/16 &#8211; 4to Pago de Subsidios Proy. Especiales\u00a0&#8211; <a href=\"https:\/\/secretarias.fceqyn.unam.edu.ar\/secidi\/wp-content\/uploads\/sites\/2\/2023\/02\/Disposicion_1690_16_4to_Pago_Subsidio.pdf\">Descargar<\/a><\/li><li>Disposici\u00f3n Decano 981\/17 &#8211; 5to Pago de Subsidios Proy. Especiales &#8211; <a href=\"https:\/\/secretarias.fceqyn.unam.edu.ar\/secidi\/wp-content\/uploads\/sites\/2\/2023\/02\/Disposicion_981_17_5to_Pago_Subsidio.pdf\">Descargar<\/a><\/li><li>Planilla Relacion de Comprobantes &#8211; <a href=\"https:\/\/secretarias.fceqyn.unam.edu.ar\/secidi\/wp-content\/uploads\/sites\/2\/2023\/02\/Planilla_Rendicion_Subsidio_Disp_1891_15.doc\">Descargar<\/a><\/li><li>Instructivo Rendicion Subsidios &#8211; <a href=\"https:\/\/secretarias.fceqyn.unam.edu.ar\/secidi\/wp-content\/uploads\/sites\/2\/2023\/02\/Instructivo_rendicion_Resol_1891_15.pdf\">Descargar<\/a><\/li><\/ul>\t\t\t\t\t\t<\/div>\n\t\t\t\t<\/div>\n\t\t\t\t\t<\/div>\n\t\t<\/div>\n\t\t\t\t\t<\/div>\n\t\t<\/section>\n\t\t\t\t<\/div>\n\t\t","protected":false},"excerpt":{"rendered":"<p>Proyectos de Investigaci\u00f3n con Impacto Tecnol\u00f3gico y Social 2015\/2016 \u200b Instructivo para la Presentaci\u00f3n La Secretar\u00eda General de Ciencia y Tecnolog\u00eda de la Universidad Nacional de Misiones convoca a la presentaci\u00f3n de Proyectos de Investigaci\u00f3n con Impacto Tecnol\u00f3gico y Social orientados a tem\u00e1ticas que impliquen una innovaci\u00f3n tecnol\u00f3gica o una visi\u00f3n del impacto social de [&hellip;]<\/p>\n","protected":false},"author":1,"featured_media":0,"parent":0,"menu_order":0,"comment_status":"closed","ping_status":"closed","template":"","meta":[],"_links":{"self":[{"href":"https:\/\/secretarias.fceqyn.unam.edu.ar\/secidi\/wp-json\/wp\/v2\/pages\/111"}],"collection":[{"href":"https:\/\/secretarias.fceqyn.unam.edu.ar\/secidi\/wp-json\/wp\/v2\/pages"}],"about":[{"href":"https:\/\/secretarias.fceqyn.unam.edu.ar\/secidi\/wp-json\/wp\/v2\/types\/page"}],"author":[{"embeddable":true,"href":"https:\/\/secretarias.fceqyn.unam.edu.ar\/secidi\/wp-json\/wp\/v2\/users\/1"}],"replies":[{"embeddable":true,"href":"https:\/\/secretarias.fceqyn.unam.edu.ar\/secidi\/wp-json\/wp\/v2\/comments?post=111"}],"version-history":[{"count":7,"href":"https:\/\/secretarias.fceqyn.unam.edu.ar\/secidi\/wp-json\/wp\/v2\/pages\/111\/revisions"}],"predecessor-version":[{"id":364,"href":"https:\/\/secretarias.fceqyn.unam.edu.ar\/secidi\/wp-json\/wp\/v2\/pages\/111\/revisions\/364"}],"wp:attachment":[{"href":"https:\/\/secretarias.fceqyn.unam.edu.ar\/secidi\/wp-json\/wp\/v2\/media?parent=111"}],"curies":[{"name":"wp","href":"https:\/\/api.w.org\/{rel}","templated":true}]}}