{"id":677,"date":"2024-05-21T14:24:08","date_gmt":"2024-05-21T17:24:08","guid":{"rendered":"https:\/\/secretarias.fceqyn.unam.edu.ar\/extension\/?page_id=677"},"modified":"2024-05-21T14:25:19","modified_gmt":"2024-05-21T17:25:19","slug":"universidad-socialmente-comprometida","status":"publish","type":"page","link":"https:\/\/secretarias.fceqyn.unam.edu.ar\/extension\/universidad-socialmente-comprometida\/","title":{"rendered":"Universidad Socialmente Comprometida"},"content":{"rendered":"\t\t<div data-elementor-type=\"wp-page\" data-elementor-id=\"677\" class=\"elementor elementor-677\" data-elementor-post-type=\"page\">\n\t\t\t\t<div data-particle_enable=\"false\" data-particle-mobile-disabled=\"false\" class=\"elementor-element elementor-element-f1d59d4 e-flex e-con-boxed e-con e-parent\" data-id=\"f1d59d4\" data-element_type=\"container\" data-core-v316-plus=\"true\">\n\t\t\t\t\t<div class=\"e-con-inner\">\n\t\t\t\t<div class=\"elementor-element elementor-element-aa31d05 elementor-widget elementor-widget-spacer\" data-id=\"aa31d05\" data-element_type=\"widget\" data-widget_type=\"spacer.default\">\n\t\t\t\t<div class=\"elementor-widget-container\">\n\t\t\t<style>\/*! elementor - v3.20.0 - 20-03-2024 *\/\n.elementor-column .elementor-spacer-inner{height:var(--spacer-size)}.e-con{--container-widget-width:100%}.e-con-inner>.elementor-widget-spacer,.e-con>.elementor-widget-spacer{width:var(--container-widget-width,var(--spacer-size));--align-self:var(--container-widget-align-self,initial);--flex-shrink:0}.e-con-inner>.elementor-widget-spacer>.elementor-widget-container,.e-con>.elementor-widget-spacer>.elementor-widget-container{height:100%;width:100%}.e-con-inner>.elementor-widget-spacer>.elementor-widget-container>.elementor-spacer,.e-con>.elementor-widget-spacer>.elementor-widget-container>.elementor-spacer{height:100%}.e-con-inner>.elementor-widget-spacer>.elementor-widget-container>.elementor-spacer>.elementor-spacer-inner,.e-con>.elementor-widget-spacer>.elementor-widget-container>.elementor-spacer>.elementor-spacer-inner{height:var(--container-widget-height,var(--spacer-size))}.e-con-inner>.elementor-widget-spacer.elementor-widget-empty,.e-con>.elementor-widget-spacer.elementor-widget-empty{position:relative;min-height:22px;min-width:22px}.e-con-inner>.elementor-widget-spacer.elementor-widget-empty .elementor-widget-empty-icon,.e-con>.elementor-widget-spacer.elementor-widget-empty .elementor-widget-empty-icon{position:absolute;top:0;bottom:0;left:0;right:0;margin:auto;padding:0;width:22px;height:22px}<\/style>\t\t<div class=\"elementor-spacer\">\n\t\t\t<div class=\"elementor-spacer-inner\"><\/div>\n\t\t<\/div>\n\t\t\t\t<\/div>\n\t\t\t\t<\/div>\n\t\t\t\t\t<\/div>\n\t\t\t\t<\/div>\n\t\t<div data-particle_enable=\"false\" data-particle-mobile-disabled=\"false\" class=\"elementor-element elementor-element-3266324 e-flex e-con-boxed e-con e-parent\" data-id=\"3266324\" data-element_type=\"container\" data-core-v316-plus=\"true\">\n\t\t\t\t\t<div class=\"e-con-inner\">\n\t\t\t\t<div class=\"elementor-element elementor-element-8036285 elementor-widget elementor-widget-text-editor\" data-id=\"8036285\" data-element_type=\"widget\" data-widget_type=\"text-editor.default\">\n\t\t\t\t<div class=\"elementor-widget-container\">\n\t\t\t<style>\/*! elementor - v3.20.0 - 20-03-2024 *\/\n.elementor-widget-text-editor.elementor-drop-cap-view-stacked .elementor-drop-cap{background-color:#69727d;color:#fff}.elementor-widget-text-editor.elementor-drop-cap-view-framed .elementor-drop-cap{color:#69727d;border:3px solid;background-color:transparent}.elementor-widget-text-editor:not(.elementor-drop-cap-view-default) .elementor-drop-cap{margin-top:8px}.elementor-widget-text-editor:not(.elementor-drop-cap-view-default) .elementor-drop-cap-letter{width:1em;height:1em}.elementor-widget-text-editor .elementor-drop-cap{float:left;text-align:center;line-height:1;font-size:50px}.elementor-widget-text-editor .elementor-drop-cap-letter{display:inline-block}<\/style>\t\t\t\t<p><!-- wp:paragraph --><\/p><p>Es una funci\u00f3n esencial de la Universidad, que se sustenta en sus relaciones con la comunidad intra y extrauniversitaria, generar mecanismos que promueven la investigaci\u00f3n y docencia al servicio de la comunidad, en aras de buscar soluciones a problemas de la sociedad, contribuyendo a su transformaci\u00f3n y a mejorar la calidad de vida de sus habitantes.<\/p><p><!-- \/wp:paragraph --> <!-- wp:paragraph --><\/p><p>Conscientes de que la educaci\u00f3n es uno de los factores claves para el desarrollo del pa\u00eds, la FCEQyN, a trav\u00e9s de este Programa de Extensi\u00f3n ofrecer\u00e1 diversas actividades educativas tales como cursos, talleres, conferencias, u otras modalidades que buscar\u00e1n fortalecer la actualizaci\u00f3n profesional y\/o t\u00e9cnica de los profesionales del nivel medio y universitario, la capacitaci\u00f3n de apoyo a los estudiantes en formaci\u00f3n secundaria, terciaria, preuniversitaria y universitaria y la formaci\u00f3n de comunidad en general en diferentes \u00e1reas.<\/p><p><!-- \/wp:paragraph --> <!-- wp:paragraph --><\/p><p>Proyectos<\/p><p><!-- \/wp:paragraph --> <!-- wp:list --><\/p><ul><!-- wp:list-item --><li><a href=\"http:\/\/www.fceqyn.unam.edu.ar\/extension\/?page_id=4253\" rel=\"noopener\">Apoyo al \u00faltimo a\u00f1o de la escuela secundaria para la articulaci\u00f3n con el nivel superior.<\/a><\/li><!-- \/wp:list-item --> <!-- wp:list-item --><li><a href=\"http:\/\/www.fceqyn.unam.edu.ar\/extension\/?page_id=4256\" rel=\"noopener\">Capacitaci\u00f3n para docente de nivel medio en el \u00e1rea de Ciencias y Tecnolog\u00eda: propuestas did\u00e1cticas para el trabajo en el aula de ciencias.<\/a><\/li><!-- \/wp:list-item --> <!-- wp:list-item --><li><a href=\"http:\/\/www.fceqyn.unam.edu.ar\/extension\/?page_id=4258\" rel=\"noopener\">Buenas pr\u00e1cticas para la producci\u00f3n artesanal de conservas vegetales y elaboraci\u00f3n de mermeladas y dulces.<\/a><\/li><!-- \/wp:list-item --><\/ul><p><!-- \/wp:list --><\/p>\t\t\t\t\t\t<\/div>\n\t\t\t\t<\/div>\n\t\t\t\t\t<\/div>\n\t\t\t\t<\/div>\n\t\t<div data-particle_enable=\"false\" data-particle-mobile-disabled=\"false\" class=\"elementor-element elementor-element-ea57c14 e-flex e-con-boxed e-con e-parent\" data-id=\"ea57c14\" data-element_type=\"container\" data-core-v316-plus=\"true\">\n\t\t\t\t\t<div class=\"e-con-inner\">\n\t\t\t\t<div class=\"elementor-element elementor-element-6219093 elementor-widget elementor-widget-spacer\" data-id=\"6219093\" data-element_type=\"widget\" data-widget_type=\"spacer.default\">\n\t\t\t\t<div class=\"elementor-widget-container\">\n\t\t\t\t\t<div class=\"elementor-spacer\">\n\t\t\t<div class=\"elementor-spacer-inner\"><\/div>\n\t\t<\/div>\n\t\t\t\t<\/div>\n\t\t\t\t<\/div>\n\t\t\t\t\t<\/div>\n\t\t\t\t<\/div>\n\t\t\t\t<\/div>\n\t\t","protected":false},"excerpt":{"rendered":"<p>Es una funci\u00f3n esencial de la Universidad, que se sustenta en sus relaciones con la comunidad intra y extrauniversitaria, generar mecanismos que promueven la investigaci\u00f3n y docencia al servicio de la comunidad, en aras de buscar soluciones a problemas de la sociedad, contribuyendo a su transformaci\u00f3n y a mejorar la calidad de vida de sus [&hellip;]<\/p>\n","protected":false},"author":1,"featured_media":0,"parent":0,"menu_order":0,"comment_status":"closed","ping_status":"closed","template":"","meta":[],"_links":{"self":[{"href":"https:\/\/secretarias.fceqyn.unam.edu.ar\/extension\/wp-json\/wp\/v2\/pages\/677"}],"collection":[{"href":"https:\/\/secretarias.fceqyn.unam.edu.ar\/extension\/wp-json\/wp\/v2\/pages"}],"about":[{"href":"https:\/\/secretarias.fceqyn.unam.edu.ar\/extension\/wp-json\/wp\/v2\/types\/page"}],"author":[{"embeddable":true,"href":"https:\/\/secretarias.fceqyn.unam.edu.ar\/extension\/wp-json\/wp\/v2\/users\/1"}],"replies":[{"embeddable":true,"href":"https:\/\/secretarias.fceqyn.unam.edu.ar\/extension\/wp-json\/wp\/v2\/comments?post=677"}],"version-history":[{"count":7,"href":"https:\/\/secretarias.fceqyn.unam.edu.ar\/extension\/wp-json\/wp\/v2\/pages\/677\/revisions"}],"predecessor-version":[{"id":687,"href":"https:\/\/secretarias.fceqyn.unam.edu.ar\/extension\/wp-json\/wp\/v2\/pages\/677\/revisions\/687"}],"wp:attachment":[{"href":"https:\/\/secretarias.fceqyn.unam.edu.ar\/extension\/wp-json\/wp\/v2\/media?parent=677"}],"curies":[{"name":"wp","href":"https:\/\/api.w.org\/{rel}","templated":true}]}}