{"id":631,"date":"2024-05-21T11:54:18","date_gmt":"2024-05-21T14:54:18","guid":{"rendered":"https:\/\/secretarias.fceqyn.unam.edu.ar\/extension\/?page_id=631"},"modified":"2024-05-21T11:55:45","modified_gmt":"2024-05-21T14:55:45","slug":"programa-de-calibracion-y-mantenimiento-de-instrumentos","status":"publish","type":"page","link":"https:\/\/secretarias.fceqyn.unam.edu.ar\/extension\/programa-de-calibracion-y-mantenimiento-de-instrumentos\/","title":{"rendered":"Programa de Calibraci\u00f3n y Mantenimiento de Instrumentos"},"content":{"rendered":"\t\t<div data-elementor-type=\"wp-page\" data-elementor-id=\"631\" class=\"elementor elementor-631\" data-elementor-post-type=\"page\">\n\t\t\t\t<div data-particle_enable=\"false\" data-particle-mobile-disabled=\"false\" class=\"elementor-element elementor-element-3748fad e-flex e-con-boxed e-con e-parent\" data-id=\"3748fad\" data-element_type=\"container\" data-core-v316-plus=\"true\">\n\t\t\t\t\t<div class=\"e-con-inner\">\n\t\t\t\t<div class=\"elementor-element elementor-element-4911338 elementor-widget elementor-widget-spacer\" data-id=\"4911338\" data-element_type=\"widget\" data-widget_type=\"spacer.default\">\n\t\t\t\t<div class=\"elementor-widget-container\">\n\t\t\t<style>\/*! elementor - v3.20.0 - 20-03-2024 *\/\n.elementor-column .elementor-spacer-inner{height:var(--spacer-size)}.e-con{--container-widget-width:100%}.e-con-inner>.elementor-widget-spacer,.e-con>.elementor-widget-spacer{width:var(--container-widget-width,var(--spacer-size));--align-self:var(--container-widget-align-self,initial);--flex-shrink:0}.e-con-inner>.elementor-widget-spacer>.elementor-widget-container,.e-con>.elementor-widget-spacer>.elementor-widget-container{height:100%;width:100%}.e-con-inner>.elementor-widget-spacer>.elementor-widget-container>.elementor-spacer,.e-con>.elementor-widget-spacer>.elementor-widget-container>.elementor-spacer{height:100%}.e-con-inner>.elementor-widget-spacer>.elementor-widget-container>.elementor-spacer>.elementor-spacer-inner,.e-con>.elementor-widget-spacer>.elementor-widget-container>.elementor-spacer>.elementor-spacer-inner{height:var(--container-widget-height,var(--spacer-size))}.e-con-inner>.elementor-widget-spacer.elementor-widget-empty,.e-con>.elementor-widget-spacer.elementor-widget-empty{position:relative;min-height:22px;min-width:22px}.e-con-inner>.elementor-widget-spacer.elementor-widget-empty .elementor-widget-empty-icon,.e-con>.elementor-widget-spacer.elementor-widget-empty .elementor-widget-empty-icon{position:absolute;top:0;bottom:0;left:0;right:0;margin:auto;padding:0;width:22px;height:22px}<\/style>\t\t<div class=\"elementor-spacer\">\n\t\t\t<div class=\"elementor-spacer-inner\"><\/div>\n\t\t<\/div>\n\t\t\t\t<\/div>\n\t\t\t\t<\/div>\n\t\t\t\t\t<\/div>\n\t\t\t\t<\/div>\n\t\t<div data-particle_enable=\"false\" data-particle-mobile-disabled=\"false\" class=\"elementor-element elementor-element-476dfd3 e-flex e-con-boxed e-con e-parent\" data-id=\"476dfd3\" data-element_type=\"container\" data-core-v316-plus=\"true\">\n\t\t\t\t\t<div class=\"e-con-inner\">\n\t\t\t\t<div class=\"elementor-element elementor-element-5d4e6aa elementor-widget elementor-widget-text-editor\" data-id=\"5d4e6aa\" data-element_type=\"widget\" data-widget_type=\"text-editor.default\">\n\t\t\t\t<div class=\"elementor-widget-container\">\n\t\t\t<style>\/*! elementor - v3.20.0 - 20-03-2024 *\/\n.elementor-widget-text-editor.elementor-drop-cap-view-stacked .elementor-drop-cap{background-color:#69727d;color:#fff}.elementor-widget-text-editor.elementor-drop-cap-view-framed .elementor-drop-cap{color:#69727d;border:3px solid;background-color:transparent}.elementor-widget-text-editor:not(.elementor-drop-cap-view-default) .elementor-drop-cap{margin-top:8px}.elementor-widget-text-editor:not(.elementor-drop-cap-view-default) .elementor-drop-cap-letter{width:1em;height:1em}.elementor-widget-text-editor .elementor-drop-cap{float:left;text-align:center;line-height:1;font-size:50px}.elementor-widget-text-editor .elementor-drop-cap-letter{display:inline-block}<\/style>\t\t\t\t<p><strong>Director:<\/strong> Ing. Jorge A. Maidana.<\/p><p><strong>Integrantes:<\/strong> Prof. Norah Giacosa, Bqca. Silvia Beck, Ing. Daniel Spont\u00f3n, Bqco. Walter Von der Heyde, Bqco. Juan Zarza, Farm. Vania Ilchuk, Lic. Gentica Coniglio, Bqca. Pamela Cuenca.<\/p><p><strong>Asesores del \u00c1rea de Inform\u00e1tica:<\/strong> Ing. Carlos Alberto Puglisi, Ing. Enrique De Rezende Ribeiro.<\/p><p><strong>Asesor del \u00c1rea de Estad\u00edstica:<\/strong> Ing. Ra\u00fal M. Piris da Mota.<\/p><p><strong>Recursos T\u00e9cnicos:<\/strong> El PROCYMI dispone actualmente del equipamiento base para la implementaci\u00f3n de sus actividades con un espacio f\u00edsico, en proceso de adecuaci\u00f3n para actividades metrol\u00f3gicas.<\/p><p><strong>Pasant\u00edas y Tutor\u00edas para alumnos:<\/strong> Se ejecuta en forma permanente una propuesta de formaci\u00f3n de extensionistas para alumnos con un adiestramiento te\u00f3rico-pr\u00e1ctico en t\u00e9cnicas de calibraciones de instrumentos de 60 horas con la modalidad te\u00f3rico-pr\u00e1ctico, presencial, con un encuentro semanal para pr\u00e1cticas en el laboratorio.<\/p><p><strong>Talleres Presenciales te\u00f3rico-pr\u00e1cticos:<\/strong> Evaluaci\u00f3n con exposiciones orales y uso de TICs.<\/p><p>Actividades Complementarias:<\/p><ul><li>Mantenimiento de bases de normas de calibraciones, nacionales e internacionales.<\/li><li>Generaci\u00f3n de bases de instrumentos (masa, volumen, temperatura y presi\u00f3n) de clientes.<\/li><li>Capacitaci\u00f3n en t\u00e9cnicas de calibraci\u00f3n de instrumentos para docentes y alumnos.<\/li><li>Tutor\u00edas y Pasant\u00edas para alumnos.<\/li><\/ul><p>\u00a0<\/p><p><strong>Servicios a Terceros:<\/strong> El PROCYMI ha ampliado su oferta inicial de servicio de calibraciones de instrumentos de medici\u00f3n de masa, a la de calibraci\u00f3n de instrumentos de medici\u00f3n de temperatura, humedad relativa y presi\u00f3n (este \u00faltimo por el momento tercerizado), ejecutado con patrones de trazabilidad.<\/p>\t\t\t\t\t\t<\/div>\n\t\t\t\t<\/div>\n\t\t\t\t\t<\/div>\n\t\t\t\t<\/div>\n\t\t\t\t<\/div>\n\t\t","protected":false},"excerpt":{"rendered":"<p>Director: Ing. Jorge A. Maidana. Integrantes: Prof. Norah Giacosa, Bqca. Silvia Beck, Ing. Daniel Spont\u00f3n, Bqco. Walter Von der Heyde, Bqco. Juan Zarza, Farm. Vania Ilchuk, Lic. Gentica Coniglio, Bqca. Pamela Cuenca. Asesores del \u00c1rea de Inform\u00e1tica: Ing. Carlos Alberto Puglisi, Ing. Enrique De Rezende Ribeiro. Asesor del \u00c1rea de Estad\u00edstica: Ing. Ra\u00fal M. Piris [&hellip;]<\/p>\n","protected":false},"author":1,"featured_media":0,"parent":0,"menu_order":0,"comment_status":"closed","ping_status":"closed","template":"","meta":[],"_links":{"self":[{"href":"https:\/\/secretarias.fceqyn.unam.edu.ar\/extension\/wp-json\/wp\/v2\/pages\/631"}],"collection":[{"href":"https:\/\/secretarias.fceqyn.unam.edu.ar\/extension\/wp-json\/wp\/v2\/pages"}],"about":[{"href":"https:\/\/secretarias.fceqyn.unam.edu.ar\/extension\/wp-json\/wp\/v2\/types\/page"}],"author":[{"embeddable":true,"href":"https:\/\/secretarias.fceqyn.unam.edu.ar\/extension\/wp-json\/wp\/v2\/users\/1"}],"replies":[{"embeddable":true,"href":"https:\/\/secretarias.fceqyn.unam.edu.ar\/extension\/wp-json\/wp\/v2\/comments?post=631"}],"version-history":[{"count":4,"href":"https:\/\/secretarias.fceqyn.unam.edu.ar\/extension\/wp-json\/wp\/v2\/pages\/631\/revisions"}],"predecessor-version":[{"id":635,"href":"https:\/\/secretarias.fceqyn.unam.edu.ar\/extension\/wp-json\/wp\/v2\/pages\/631\/revisions\/635"}],"wp:attachment":[{"href":"https:\/\/secretarias.fceqyn.unam.edu.ar\/extension\/wp-json\/wp\/v2\/media?parent=631"}],"curies":[{"name":"wp","href":"https:\/\/api.w.org\/{rel}","templated":true}]}}