{"id":205,"date":"2024-03-20T09:03:13","date_gmt":"2024-03-20T12:03:13","guid":{"rendered":"https:\/\/secretarias.fceqyn.unam.edu.ar\/extension\/?page_id=205"},"modified":"2025-06-12T09:50:11","modified_gmt":"2025-06-12T12:50:11","slug":"membretes-logos","status":"publish","type":"page","link":"https:\/\/secretarias.fceqyn.unam.edu.ar\/extension\/membretes-logos\/","title":{"rendered":"Membretes &#8211; Logos"},"content":{"rendered":"\t\t<div data-elementor-type=\"wp-page\" data-elementor-id=\"205\" class=\"elementor elementor-205\" data-elementor-post-type=\"page\">\n\t\t\t\t<div data-particle_enable=\"false\" data-particle-mobile-disabled=\"false\" class=\"elementor-element elementor-element-d47113b e-flex e-con-boxed e-con e-parent\" data-id=\"d47113b\" data-element_type=\"container\" data-core-v316-plus=\"true\">\n\t\t\t\t\t<div class=\"e-con-inner\">\n\t\t\t\t<div class=\"elementor-element elementor-element-086b11d elementor-widget elementor-widget-text-editor\" data-id=\"086b11d\" data-element_type=\"widget\" data-widget_type=\"text-editor.default\">\n\t\t\t\t<div class=\"elementor-widget-container\">\n\t\t\t<style>\/*! elementor - v3.20.0 - 20-03-2024 *\/\n.elementor-widget-text-editor.elementor-drop-cap-view-stacked .elementor-drop-cap{background-color:#69727d;color:#fff}.elementor-widget-text-editor.elementor-drop-cap-view-framed .elementor-drop-cap{color:#69727d;border:3px solid;background-color:transparent}.elementor-widget-text-editor:not(.elementor-drop-cap-view-default) .elementor-drop-cap{margin-top:8px}.elementor-widget-text-editor:not(.elementor-drop-cap-view-default) .elementor-drop-cap-letter{width:1em;height:1em}.elementor-widget-text-editor .elementor-drop-cap{float:left;text-align:center;line-height:1;font-size:50px}.elementor-widget-text-editor .elementor-drop-cap-letter{display:inline-block}<\/style>\t\t\t\t<p>A trav\u00e9s de los siguientes enlaces podr\u00e1 acceder a los nuevos Membretes y Logos de la Facultad de Ciencias Exactas, Qu\u00edmicas y Naturales.<\/p>\t\t\t\t\t\t<\/div>\n\t\t\t\t<\/div>\n\t\t\t\t\t<\/div>\n\t\t\t\t<\/div>\n\t\t<div data-particle_enable=\"false\" data-particle-mobile-disabled=\"false\" class=\"elementor-element elementor-element-92dcf6a e-flex e-con-boxed e-con e-parent\" data-id=\"92dcf6a\" data-element_type=\"container\" data-core-v316-plus=\"true\">\n\t\t\t\t\t<div class=\"e-con-inner\">\n\t\t\t\t<div class=\"elementor-element elementor-element-8b6a407 elementor-tabs-view-horizontal elementor-widget elementor-widget-tabs\" data-id=\"8b6a407\" data-element_type=\"widget\" data-widget_type=\"tabs.default\">\n\t\t\t\t<div class=\"elementor-widget-container\">\n\t\t\t<style>\/*! elementor - v3.20.0 - 20-03-2024 *\/\n.elementor-widget-tabs.elementor-tabs-view-vertical .elementor-tabs-wrapper{width:25%;flex-shrink:0}.elementor-widget-tabs.elementor-tabs-view-vertical .elementor-tab-desktop-title.elementor-active{border-right-style:none}.elementor-widget-tabs.elementor-tabs-view-vertical .elementor-tab-desktop-title.elementor-active:after,.elementor-widget-tabs.elementor-tabs-view-vertical .elementor-tab-desktop-title.elementor-active:before{height:999em;width:0;right:0;border-right-style:solid}.elementor-widget-tabs.elementor-tabs-view-vertical .elementor-tab-desktop-title.elementor-active:before{top:0;transform:translateY(-100%)}.elementor-widget-tabs.elementor-tabs-view-vertical .elementor-tab-desktop-title.elementor-active:after{top:100%}.elementor-widget-tabs.elementor-tabs-view-horizontal .elementor-tab-desktop-title{display:table-cell}.elementor-widget-tabs.elementor-tabs-view-horizontal .elementor-tab-desktop-title.elementor-active{border-bottom-style:none}.elementor-widget-tabs.elementor-tabs-view-horizontal .elementor-tab-desktop-title.elementor-active:after,.elementor-widget-tabs.elementor-tabs-view-horizontal .elementor-tab-desktop-title.elementor-active:before{bottom:0;height:0;width:999em;border-bottom-style:solid}.elementor-widget-tabs.elementor-tabs-view-horizontal .elementor-tab-desktop-title.elementor-active:before{right:100%}.elementor-widget-tabs.elementor-tabs-view-horizontal .elementor-tab-desktop-title.elementor-active:after{left:100%}.elementor-widget-tabs .elementor-tab-content,.elementor-widget-tabs .elementor-tab-title,.elementor-widget-tabs .elementor-tab-title:after,.elementor-widget-tabs .elementor-tab-title:before,.elementor-widget-tabs .elementor-tabs-content-wrapper{border:1px #d5d8dc}.elementor-widget-tabs .elementor-tabs{text-align:left}.elementor-widget-tabs .elementor-tabs-wrapper{overflow:hidden}.elementor-widget-tabs .elementor-tab-title{cursor:pointer;outline:var(--focus-outline,none)}.elementor-widget-tabs .elementor-tab-desktop-title{position:relative;padding:20px 25px;font-weight:700;line-height:1;border:solid transparent}.elementor-widget-tabs .elementor-tab-desktop-title.elementor-active{border-color:#d5d8dc}.elementor-widget-tabs .elementor-tab-desktop-title.elementor-active:after,.elementor-widget-tabs .elementor-tab-desktop-title.elementor-active:before{display:block;content:\"\";position:absolute}.elementor-widget-tabs .elementor-tab-desktop-title:focus-visible{border:1px solid #000}.elementor-widget-tabs .elementor-tab-mobile-title{padding:10px;cursor:pointer}.elementor-widget-tabs .elementor-tab-content{padding:20px;display:none}@media (max-width:767px){.elementor-tabs .elementor-tab-content,.elementor-tabs .elementor-tab-title{border-style:solid solid none}.elementor-tabs .elementor-tabs-wrapper{display:none}.elementor-tabs .elementor-tabs-content-wrapper{border-bottom-style:solid}.elementor-tabs .elementor-tab-content{padding:10px}}@media (min-width:768px){.elementor-widget-tabs.elementor-tabs-view-vertical .elementor-tabs{display:flex}.elementor-widget-tabs.elementor-tabs-view-vertical .elementor-tabs-wrapper{flex-direction:column}.elementor-widget-tabs.elementor-tabs-view-vertical .elementor-tabs-content-wrapper{flex-grow:1;border-style:solid solid solid none}.elementor-widget-tabs.elementor-tabs-view-horizontal .elementor-tab-content{border-style:none solid solid}.elementor-widget-tabs.elementor-tabs-alignment-center .elementor-tabs-wrapper,.elementor-widget-tabs.elementor-tabs-alignment-end .elementor-tabs-wrapper,.elementor-widget-tabs.elementor-tabs-alignment-stretch .elementor-tabs-wrapper{display:flex}.elementor-widget-tabs.elementor-tabs-alignment-center .elementor-tabs-wrapper{justify-content:center}.elementor-widget-tabs.elementor-tabs-alignment-end .elementor-tabs-wrapper{justify-content:flex-end}.elementor-widget-tabs.elementor-tabs-alignment-stretch.elementor-tabs-view-horizontal .elementor-tab-title{width:100%}.elementor-widget-tabs.elementor-tabs-alignment-stretch.elementor-tabs-view-vertical .elementor-tab-title{height:100%}.elementor-tabs .elementor-tab-mobile-title{display:none}}<\/style>\t\t<div class=\"elementor-tabs\">\n\t\t\t<div class=\"elementor-tabs-wrapper\" role=\"tablist\" >\n\t\t\t\t\t\t\t\t\t<div id=\"elementor-tab-title-1461\" class=\"elementor-tab-title elementor-tab-desktop-title\" aria-selected=\"true\" data-tab=\"1\" role=\"tab\" tabindex=\"0\" aria-controls=\"elementor-tab-content-1461\" aria-expanded=\"false\">Logos<\/div>\n\t\t\t\t\t\t\t\t\t<div id=\"elementor-tab-title-1462\" class=\"elementor-tab-title elementor-tab-desktop-title\" aria-selected=\"false\" data-tab=\"2\" role=\"tab\" tabindex=\"-1\" aria-controls=\"elementor-tab-content-1462\" aria-expanded=\"false\">Membrete<\/div>\n\t\t\t\t\t\t\t<\/div>\n\t\t\t<div class=\"elementor-tabs-content-wrapper\" role=\"tablist\" aria-orientation=\"vertical\">\n\t\t\t\t\t\t\t\t\t<div class=\"elementor-tab-title elementor-tab-mobile-title\" aria-selected=\"true\" data-tab=\"1\" role=\"tab\" tabindex=\"0\" aria-controls=\"elementor-tab-content-1461\" aria-expanded=\"false\">Logos<\/div>\n\t\t\t\t\t<div id=\"elementor-tab-content-1461\" class=\"elementor-tab-content elementor-clearfix\" data-tab=\"1\" role=\"tabpanel\" aria-labelledby=\"elementor-tab-title-1461\" tabindex=\"0\" hidden=\"false\"><p><strong>Logo FCEQyN con texto <a href=\"http:\/\/secretarias.fceqyn.unam.edu.ar\/extension\/wp-content\/uploads\/sites\/4\/2024\/03\/Logo-FCEQyN-2022.png\" target=\"_blank\" rel=\"noopener\"><img decoding=\"async\" class=\"logos alignright wp-image-348 size-medium\" src=\"http:\/\/secretarias.fceqyn.unam.edu.ar\/extension\/wp-content\/uploads\/sites\/4\/2024\/03\/Logo-FCEQyN-2022-300x74.png\" alt=\"\" width=\"300\" height=\"74\" srcset=\"https:\/\/secretarias.fceqyn.unam.edu.ar\/extension\/wp-content\/uploads\/sites\/4\/2024\/03\/Logo-FCEQyN-2022-300x74.png 300w, https:\/\/secretarias.fceqyn.unam.edu.ar\/extension\/wp-content\/uploads\/sites\/4\/2024\/03\/Logo-FCEQyN-2022-768x190.png 768w, https:\/\/secretarias.fceqyn.unam.edu.ar\/extension\/wp-content\/uploads\/sites\/4\/2024\/03\/Logo-FCEQyN-2022.png 1007w\" sizes=\"(max-width: 300px) 100vw, 300px\" \/><\/a><\/strong><\/p><p>\u00a0<\/p><p>\u00a0<\/p><p>\u00a0<\/p><p><strong>Logo FCEQyN <a href=\"http:\/\/secretarias.fceqyn.unam.edu.ar\/extension\/wp-content\/uploads\/sites\/4\/2024\/03\/logoFCEQyN2017.PNG.png\" target=\"_blank\" rel=\"noopener\"><img decoding=\"async\" class=\"logos alignright wp-image-349\" src=\"http:\/\/secretarias.fceqyn.unam.edu.ar\/extension\/wp-content\/uploads\/sites\/4\/2024\/03\/logoFCEQyN2017.PNG-300x236.png\" alt=\"\" width=\"127\" height=\"100\" srcset=\"https:\/\/secretarias.fceqyn.unam.edu.ar\/extension\/wp-content\/uploads\/sites\/4\/2024\/03\/logoFCEQyN2017.PNG-300x236.png 300w, https:\/\/secretarias.fceqyn.unam.edu.ar\/extension\/wp-content\/uploads\/sites\/4\/2024\/03\/logoFCEQyN2017.PNG.png 641w\" sizes=\"(max-width: 127px) 100vw, 127px\" \/><\/a><\/strong><\/p><p>\u00a0<\/p><p>\u00a0<\/p><p>\u00a0<\/p><p><strong>Logo UNaM <a href=\"http:\/\/secretarias.fceqyn.unam.edu.ar\/extension\/wp-content\/uploads\/sites\/4\/2024\/03\/Logo-UNaM-Nuevo-colores.png\" target=\"_blank\" rel=\"noopener\"><img decoding=\"async\" class=\"logos alignright wp-image-350 size-medium\" src=\"http:\/\/secretarias.fceqyn.unam.edu.ar\/extension\/wp-content\/uploads\/sites\/4\/2024\/03\/Logo-UNaM-Nuevo-colores-300x57.png\" alt=\"\" width=\"300\" height=\"57\" srcset=\"https:\/\/secretarias.fceqyn.unam.edu.ar\/extension\/wp-content\/uploads\/sites\/4\/2024\/03\/Logo-UNaM-Nuevo-colores-300x57.png 300w, https:\/\/secretarias.fceqyn.unam.edu.ar\/extension\/wp-content\/uploads\/sites\/4\/2024\/03\/Logo-UNaM-Nuevo-colores-768x145.png 768w, https:\/\/secretarias.fceqyn.unam.edu.ar\/extension\/wp-content\/uploads\/sites\/4\/2024\/03\/Logo-UNaM-Nuevo-colores.png 1000w\" sizes=\"(max-width: 300px) 100vw, 300px\" \/><\/a><\/strong><\/p><p>\u00a0<\/p><p>\u00a0<\/p><p>\u00a0<\/p><p><strong>Logo UNaM &#8211; FCEQyN <a href=\"http:\/\/secretarias.fceqyn.unam.edu.ar\/extension\/wp-content\/uploads\/sites\/4\/2024\/03\/Logo-UNAM_FCEQYN-2-1024x125-1.png\" target=\"_blank\" rel=\"noopener\"><img loading=\"lazy\" decoding=\"async\" class=\"logos alignright wp-image-351 size-medium\" src=\"http:\/\/secretarias.fceqyn.unam.edu.ar\/extension\/wp-content\/uploads\/sites\/4\/2024\/03\/Logo-UNAM_FCEQYN-2-1024x125-1-300x37.png\" alt=\"\" width=\"300\" height=\"37\" srcset=\"https:\/\/secretarias.fceqyn.unam.edu.ar\/extension\/wp-content\/uploads\/sites\/4\/2024\/03\/Logo-UNAM_FCEQYN-2-1024x125-1-300x37.png 300w, https:\/\/secretarias.fceqyn.unam.edu.ar\/extension\/wp-content\/uploads\/sites\/4\/2024\/03\/Logo-UNAM_FCEQYN-2-1024x125-1-768x94.png 768w, https:\/\/secretarias.fceqyn.unam.edu.ar\/extension\/wp-content\/uploads\/sites\/4\/2024\/03\/Logo-UNAM_FCEQYN-2-1024x125-1.png 1024w\" sizes=\"(max-width: 300px) 100vw, 300px\" \/><\/a><\/strong><\/p><\/div>\n\t\t\t\t\t\t\t\t\t<div class=\"elementor-tab-title elementor-tab-mobile-title\" aria-selected=\"false\" data-tab=\"2\" role=\"tab\" tabindex=\"-1\" aria-controls=\"elementor-tab-content-1462\" aria-expanded=\"false\">Membrete<\/div>\n\t\t\t\t\t<div id=\"elementor-tab-content-1462\" class=\"elementor-tab-content elementor-clearfix\" data-tab=\"2\" role=\"tabpanel\" aria-labelledby=\"elementor-tab-title-1462\" tabindex=\"0\" hidden=\"hidden\"><div class=\"wp-block-spacer\" aria-hidden=\"true\"><p>Desde abril de 2025 se encuentra vigente la resoluci\u00f3n CS N\u00ba 23\/25.\u00a0<\/p><p>En la misma el Consejo Superior de la UNaM estableci\u00f3 la incorporaci\u00f3n de la leyenda\u00a0<strong><mark class=\"has-inline-color\">\u201c1985-2025. 40 Aniversario del CIN\u201d<\/mark><\/strong>\u00a0en membretes de documentos de circulaci\u00f3n interna y externa de nuestra universidad.<\/p><p>Asimismo, el CS se\u00f1ala que la leyenda \u201c2025 \u2013 A\u00f1o de la Reconstrucci\u00f3n de la Naci\u00f3n Argentina\u201d se podr\u00e1 incorporar en calidad de opcional en los membretes.<\/p><\/div><div class=\"wp-block-file\"><a href=\"http:\/\/secretarias.fceqyn.unam.edu.ar\/extension\/wp-content\/uploads\/sites\/4\/2025\/06\/Membrete-FCEQyN-CIN-2025.doc\">Membrete-FCEQyN-CIN-2025<\/a><\/div><\/div>\n\t\t\t\t\t\t\t<\/div>\n\t\t<\/div>\n\t\t\t\t<\/div>\n\t\t\t\t<\/div>\n\t\t\t\t\t<\/div>\n\t\t\t\t<\/div>\n\t\t\t\t<\/div>\n\t\t","protected":false},"excerpt":{"rendered":"<p>A trav\u00e9s de los siguientes enlaces podr\u00e1 acceder a los nuevos Membretes y Logos de la Facultad de Ciencias Exactas, Qu\u00edmicas y Naturales. \/*! elementor &#8211; v3.20.0 &#8211; 20-03-2024 *\/ .elementor-widget-tabs.elementor-tabs-view-vertical .elementor-tabs-wrapper{width:25%;flex-shrink:0}.elementor-widget-tabs.elementor-tabs-view-vertical .elementor-tab-desktop-title.elementor-active{border-right-style:none}.elementor-widget-tabs.elementor-tabs-view-vertical .elementor-tab-desktop-title.elementor-active:after,.elementor-widget-tabs.elementor-tabs-view-vertical .elementor-tab-desktop-title.elementor-active:before{height:999em;width:0;right:0;border-right-style:solid}.elementor-widget-tabs.elementor-tabs-view-vertical .elementor-tab-desktop-title.elementor-active:before{top:0;transform:translateY(-100%)}.elementor-widget-tabs.elementor-tabs-view-vertical .elementor-tab-desktop-title.elementor-active:after{top:100%}.elementor-widget-tabs.elementor-tabs-view-horizontal .elementor-tab-desktop-title{display:table-cell}.elementor-widget-tabs.elementor-tabs-view-horizontal .elementor-tab-desktop-title.elementor-active{border-bottom-style:none}.elementor-widget-tabs.elementor-tabs-view-horizontal .elementor-tab-desktop-title.elementor-active:after,.elementor-widget-tabs.elementor-tabs-view-horizontal .elementor-tab-desktop-title.elementor-active:before{bottom:0;height:0;width:999em;border-bottom-style:solid}.elementor-widget-tabs.elementor-tabs-view-horizontal .elementor-tab-desktop-title.elementor-active:before{right:100%}.elementor-widget-tabs.elementor-tabs-view-horizontal .elementor-tab-desktop-title.elementor-active:after{left:100%}.elementor-widget-tabs .elementor-tab-content,.elementor-widget-tabs .elementor-tab-title,.elementor-widget-tabs .elementor-tab-title:after,.elementor-widget-tabs .elementor-tab-title:before,.elementor-widget-tabs .elementor-tabs-content-wrapper{border:1px #d5d8dc}.elementor-widget-tabs .elementor-tabs{text-align:left}.elementor-widget-tabs .elementor-tabs-wrapper{overflow:hidden}.elementor-widget-tabs .elementor-tab-title{cursor:pointer;outline:var(&#8211;focus-outline,none)}.elementor-widget-tabs .elementor-tab-desktop-title{position:relative;padding:20px 25px;font-weight:700;line-height:1;border:solid transparent}.elementor-widget-tabs [&hellip;]<\/p>\n","protected":false},"author":1,"featured_media":0,"parent":0,"menu_order":0,"comment_status":"closed","ping_status":"closed","template":"","meta":[],"_links":{"self":[{"href":"https:\/\/secretarias.fceqyn.unam.edu.ar\/extension\/wp-json\/wp\/v2\/pages\/205"}],"collection":[{"href":"https:\/\/secretarias.fceqyn.unam.edu.ar\/extension\/wp-json\/wp\/v2\/pages"}],"about":[{"href":"https:\/\/secretarias.fceqyn.unam.edu.ar\/extension\/wp-json\/wp\/v2\/types\/page"}],"author":[{"embeddable":true,"href":"https:\/\/secretarias.fceqyn.unam.edu.ar\/extension\/wp-json\/wp\/v2\/users\/1"}],"replies":[{"embeddable":true,"href":"https:\/\/secretarias.fceqyn.unam.edu.ar\/extension\/wp-json\/wp\/v2\/comments?post=205"}],"version-history":[{"count":19,"href":"https:\/\/secretarias.fceqyn.unam.edu.ar\/extension\/wp-json\/wp\/v2\/pages\/205\/revisions"}],"predecessor-version":[{"id":732,"href":"https:\/\/secretarias.fceqyn.unam.edu.ar\/extension\/wp-json\/wp\/v2\/pages\/205\/revisions\/732"}],"wp:attachment":[{"href":"https:\/\/secretarias.fceqyn.unam.edu.ar\/extension\/wp-json\/wp\/v2\/media?parent=205"}],"curies":[{"name":"wp","href":"https:\/\/api.w.org\/{rel}","templated":true}]}}