{"id":201,"date":"2024-03-20T09:01:22","date_gmt":"2024-03-20T12:01:22","guid":{"rendered":"https:\/\/secretarias.fceqyn.unam.edu.ar\/extension\/?page_id=201"},"modified":"2024-05-21T09:59:25","modified_gmt":"2024-05-21T12:59:25","slug":"becas-inym","status":"publish","type":"page","link":"https:\/\/secretarias.fceqyn.unam.edu.ar\/extension\/becas-inym\/","title":{"rendered":"Becas INYM"},"content":{"rendered":"\t\t<div data-elementor-type=\"wp-page\" data-elementor-id=\"201\" class=\"elementor elementor-201\" data-elementor-post-type=\"page\">\n\t\t\t\t<div data-particle_enable=\"false\" data-particle-mobile-disabled=\"false\" class=\"elementor-element elementor-element-591e900 e-flex e-con-boxed e-con e-parent\" data-id=\"591e900\" data-element_type=\"container\" data-core-v316-plus=\"true\">\n\t\t\t\t\t<div class=\"e-con-inner\">\n\t\t\t\t<div class=\"elementor-element elementor-element-4d85fd8 elementor-widget elementor-widget-text-editor\" data-id=\"4d85fd8\" data-element_type=\"widget\" data-widget_type=\"text-editor.default\">\n\t\t\t\t<div class=\"elementor-widget-container\">\n\t\t\t<style>\/*! elementor - v3.20.0 - 20-03-2024 *\/\n.elementor-widget-text-editor.elementor-drop-cap-view-stacked .elementor-drop-cap{background-color:#69727d;color:#fff}.elementor-widget-text-editor.elementor-drop-cap-view-framed .elementor-drop-cap{color:#69727d;border:3px solid;background-color:transparent}.elementor-widget-text-editor:not(.elementor-drop-cap-view-default) .elementor-drop-cap{margin-top:8px}.elementor-widget-text-editor:not(.elementor-drop-cap-view-default) .elementor-drop-cap-letter{width:1em;height:1em}.elementor-widget-text-editor .elementor-drop-cap{float:left;text-align:center;line-height:1;font-size:50px}.elementor-widget-text-editor .elementor-drop-cap-letter{display:inline-block}<\/style>\t\t\t\t<p><a href=\"http:\/\/secretarias.fceqyn.unam.edu.ar\/extension\/wp-content\/uploads\/sites\/4\/2024\/03\/LOGO-INYM-mod.jpg\"><img decoding=\"async\" class=\"size-full wp-image-343 alignright\" src=\"http:\/\/secretarias.fceqyn.unam.edu.ar\/extension\/wp-content\/uploads\/sites\/4\/2024\/03\/LOGO-INYM-mod.jpg\" alt=\"\" width=\"171\" height=\"150\" \/><\/a>Cada a\u00f1o el Instituto Nacional de la Yerba Mate (INYM) convoca a los estudiantes de Ingenier\u00eda Qu\u00edmica e Ingenier\u00eda en Alimentos hijos de productores o trabajadores del sector yerbatero a postularse a las becas universitarias \u201cEstudiando con El Mate\u201d.<br \/>Las mismas \u200bson anuales y \u200bse renuevan hasta completar la carrera, siempre acorde al rendimiento del estudiante.<\/p><p>El programa tiene como objetivo facilitar el acceso a los estudiantes que observen un buen nivel acad\u00e9mico y regularidad en sus estudios.<\/p><p>La convocatoria se \u200binforma a principio de a\u00f1o desde la \u200bS\u200becretar\u00eda de Extensi\u00f3n y Vinculaci\u00f3n Tecnol\u00f3gica de la FCEQyN ubicada en la planta baja del edificio central, F\u00e9lix de Azara 1552, Posada\u200bs. De lunes a viernes de 8 a 12 y de 16 a 19.30.<\/p><p>\u200bLos interesados deber\u00e1n presentar:<\/p><ol type=\"a\"><li style=\"list-style-type: none;\"><ol type=\"a\"><li>Constancia de productor o trabajador en relaci\u00f3n de dependencia con el sector yerbatero.<\/li><\/ol><\/li><\/ol><ol type=\"a\"><li>Formulario de solicitud debidamente firmado por al alumno y el mayor responsable (padre madre o tutor, debidamente acreditado, que est\u00e9 ligado al sector yerbatero). En caso de que sea el aspirante productor o trabajador rural ligado al sector yerbatero y mayor de edad solo se solicitar\u00e1 su firma.<\/li><li>Para alumnos ingresantes certificado anal\u00edtico de nivel medio o polimodal y constancia de inscripci\u00f3n de la Universidad.<\/li><li>Para el caso de alumnos regulares de la carrera certificado anal\u00edtico de la Unidad Acad\u00e9mica y certificado de Alumno regular.<\/li><li>Fotocopia de DNI del aspirante y del tutor, certificado por juez de paz o escribano.<\/li><\/ol><p><a href=\"http:\/\/secretarias.fceqyn.unam.edu.ar\/extension\/wp-content\/uploads\/sites\/4\/2024\/05\/beca_inym_formulario_inscripcion.doc\">Anexo Formulario Inscripci\u00f3n<\/a><br \/><a href=\"http:\/\/secretarias.fceqyn.unam.edu.ar\/extension\/wp-content\/uploads\/sites\/4\/2024\/05\/beca_inym_bases_condiciones.doc\">Anexo Bases y Condici\u00f3nes<\/a><\/p>\t\t\t\t\t\t<\/div>\n\t\t\t\t<\/div>\n\t\t\t\t\t<\/div>\n\t\t\t\t<\/div>\n\t\t\t\t<\/div>\n\t\t","protected":false},"excerpt":{"rendered":"<p>Cada a\u00f1o el Instituto Nacional de la Yerba Mate (INYM) convoca a los estudiantes de Ingenier\u00eda Qu\u00edmica e Ingenier\u00eda en Alimentos hijos de productores o trabajadores del sector yerbatero a postularse a las becas universitarias \u201cEstudiando con El Mate\u201d.Las mismas \u200bson anuales y \u200bse renuevan hasta completar la carrera, siempre acorde al rendimiento del estudiante. [&hellip;]<\/p>\n","protected":false},"author":1,"featured_media":0,"parent":0,"menu_order":0,"comment_status":"closed","ping_status":"closed","template":"","meta":[],"_links":{"self":[{"href":"https:\/\/secretarias.fceqyn.unam.edu.ar\/extension\/wp-json\/wp\/v2\/pages\/201"}],"collection":[{"href":"https:\/\/secretarias.fceqyn.unam.edu.ar\/extension\/wp-json\/wp\/v2\/pages"}],"about":[{"href":"https:\/\/secretarias.fceqyn.unam.edu.ar\/extension\/wp-json\/wp\/v2\/types\/page"}],"author":[{"embeddable":true,"href":"https:\/\/secretarias.fceqyn.unam.edu.ar\/extension\/wp-json\/wp\/v2\/users\/1"}],"replies":[{"embeddable":true,"href":"https:\/\/secretarias.fceqyn.unam.edu.ar\/extension\/wp-json\/wp\/v2\/comments?post=201"}],"version-history":[{"count":7,"href":"https:\/\/secretarias.fceqyn.unam.edu.ar\/extension\/wp-json\/wp\/v2\/pages\/201\/revisions"}],"predecessor-version":[{"id":602,"href":"https:\/\/secretarias.fceqyn.unam.edu.ar\/extension\/wp-json\/wp\/v2\/pages\/201\/revisions\/602"}],"wp:attachment":[{"href":"https:\/\/secretarias.fceqyn.unam.edu.ar\/extension\/wp-json\/wp\/v2\/media?parent=201"}],"curies":[{"name":"wp","href":"https:\/\/api.w.org\/{rel}","templated":true}]}}