{"id":166,"date":"2024-03-20T08:40:00","date_gmt":"2024-03-20T11:40:00","guid":{"rendered":"https:\/\/secretarias.fceqyn.unam.edu.ar\/extension\/?page_id=166"},"modified":"2024-05-22T08:28:40","modified_gmt":"2024-05-22T11:28:40","slug":"normativa","status":"publish","type":"page","link":"https:\/\/secretarias.fceqyn.unam.edu.ar\/extension\/normativa\/","title":{"rendered":"Normativa"},"content":{"rendered":"\t\t<div data-elementor-type=\"wp-page\" data-elementor-id=\"166\" class=\"elementor elementor-166\" data-elementor-post-type=\"page\">\n\t\t\t\t<div data-particle_enable=\"false\" data-particle-mobile-disabled=\"false\" class=\"elementor-element elementor-element-940ec4b e-flex e-con-boxed e-con e-parent\" data-id=\"940ec4b\" data-element_type=\"container\" data-core-v316-plus=\"true\">\n\t\t\t\t\t<div class=\"e-con-inner\">\n\t\t\t\t<div class=\"elementor-element elementor-element-cbe9254 elementor-widget elementor-widget-text-editor\" data-id=\"cbe9254\" data-element_type=\"widget\" data-widget_type=\"text-editor.default\">\n\t\t\t\t<div class=\"elementor-widget-container\">\n\t\t\t<style>\/*! elementor - v3.20.0 - 20-03-2024 *\/\n.elementor-widget-text-editor.elementor-drop-cap-view-stacked .elementor-drop-cap{background-color:#69727d;color:#fff}.elementor-widget-text-editor.elementor-drop-cap-view-framed .elementor-drop-cap{color:#69727d;border:3px solid;background-color:transparent}.elementor-widget-text-editor:not(.elementor-drop-cap-view-default) .elementor-drop-cap{margin-top:8px}.elementor-widget-text-editor:not(.elementor-drop-cap-view-default) .elementor-drop-cap-letter{width:1em;height:1em}.elementor-widget-text-editor .elementor-drop-cap{float:left;text-align:center;line-height:1;font-size:50px}.elementor-widget-text-editor .elementor-drop-cap-letter{display:inline-block}<\/style>\t\t\t\t<p>La Secretar\u00eda de Extensi\u00f3n y Vinculaci\u00f3n Tecnol\u00f3gica de la Facultad de Ciencias Exactas, Qu\u00edmicas y Naturales de la UNaM tiene como reglamentos los siguientes documentos:<\/p>\t\t\t\t\t\t<\/div>\n\t\t\t\t<\/div>\n\t\t\t\t\t<\/div>\n\t\t\t\t<\/div>\n\t\t<div data-particle_enable=\"false\" data-particle-mobile-disabled=\"false\" class=\"elementor-element elementor-element-e5d0b47 e-flex e-con-boxed e-con e-parent\" data-id=\"e5d0b47\" data-element_type=\"container\" data-core-v316-plus=\"true\">\n\t\t\t\t\t<div class=\"e-con-inner\">\n\t\t<div data-particle_enable=\"false\" data-particle-mobile-disabled=\"false\" class=\"elementor-element elementor-element-33fdef0 e-con-full e-flex e-con e-child\" data-id=\"33fdef0\" data-element_type=\"container\">\n\t\t\t\t<div class=\"elementor-element elementor-element-714f8b3 elementor-widget elementor-widget-text-editor\" data-id=\"714f8b3\" data-element_type=\"widget\" data-widget_type=\"text-editor.default\">\n\t\t\t\t<div class=\"elementor-widget-container\">\n\t\t\t\t\t\t\t<ul><li>08\/08\/2023 Res. CS N\u00ba 049\/23 Reglamento de Post\u00edtulo Docente de la UNaM<\/li><\/ul>\t\t\t\t\t\t<\/div>\n\t\t\t\t<\/div>\n\t\t\t\t<\/div>\n\t\t<div data-particle_enable=\"false\" data-particle-mobile-disabled=\"false\" class=\"elementor-element elementor-element-8a823dd e-con-full e-flex e-con e-child\" data-id=\"8a823dd\" data-element_type=\"container\">\n\t\t\t\t<div class=\"elementor-element elementor-element-1644d62 elementor-align-center elementor-widget elementor-widget-button\" data-id=\"1644d62\" data-element_type=\"widget\" data-widget_type=\"button.default\">\n\t\t\t\t<div class=\"elementor-widget-container\">\n\t\t\t\t\t<div class=\"elementor-button-wrapper\">\n\t\t\t<a class=\"elementor-button elementor-size-sm\" role=\"button\">\n\t\t\t\t\t\t<span class=\"elementor-button-content-wrapper\">\n\t\t\t\t\t\t<span class=\"elementor-button-text\">Descargar<\/span>\n\t\t<\/span>\n\t\t\t\t\t<\/a>\n\t\t<\/div>\n\t\t\t\t<\/div>\n\t\t\t\t<\/div>\n\t\t\t\t<\/div>\n\t\t\t\t\t<\/div>\n\t\t\t\t<\/div>\n\t\t<div data-particle_enable=\"false\" data-particle-mobile-disabled=\"false\" class=\"elementor-element elementor-element-cb68016 e-flex e-con-boxed e-con e-parent\" data-id=\"cb68016\" data-element_type=\"container\" data-core-v316-plus=\"true\">\n\t\t\t\t\t<div class=\"e-con-inner\">\n\t\t\t\t<div class=\"elementor-element elementor-element-5008fc4 elementor-widget elementor-widget-spacer\" data-id=\"5008fc4\" data-element_type=\"widget\" data-widget_type=\"spacer.default\">\n\t\t\t\t<div class=\"elementor-widget-container\">\n\t\t\t<style>\/*! elementor - v3.20.0 - 20-03-2024 *\/\n.elementor-column .elementor-spacer-inner{height:var(--spacer-size)}.e-con{--container-widget-width:100%}.e-con-inner>.elementor-widget-spacer,.e-con>.elementor-widget-spacer{width:var(--container-widget-width,var(--spacer-size));--align-self:var(--container-widget-align-self,initial);--flex-shrink:0}.e-con-inner>.elementor-widget-spacer>.elementor-widget-container,.e-con>.elementor-widget-spacer>.elementor-widget-container{height:100%;width:100%}.e-con-inner>.elementor-widget-spacer>.elementor-widget-container>.elementor-spacer,.e-con>.elementor-widget-spacer>.elementor-widget-container>.elementor-spacer{height:100%}.e-con-inner>.elementor-widget-spacer>.elementor-widget-container>.elementor-spacer>.elementor-spacer-inner,.e-con>.elementor-widget-spacer>.elementor-widget-container>.elementor-spacer>.elementor-spacer-inner{height:var(--container-widget-height,var(--spacer-size))}.e-con-inner>.elementor-widget-spacer.elementor-widget-empty,.e-con>.elementor-widget-spacer.elementor-widget-empty{position:relative;min-height:22px;min-width:22px}.e-con-inner>.elementor-widget-spacer.elementor-widget-empty .elementor-widget-empty-icon,.e-con>.elementor-widget-spacer.elementor-widget-empty .elementor-widget-empty-icon{position:absolute;top:0;bottom:0;left:0;right:0;margin:auto;padding:0;width:22px;height:22px}<\/style>\t\t<div class=\"elementor-spacer\">\n\t\t\t<div class=\"elementor-spacer-inner\"><\/div>\n\t\t<\/div>\n\t\t\t\t<\/div>\n\t\t\t\t<\/div>\n\t\t\t\t\t<\/div>\n\t\t\t\t<\/div>\n\t\t<div data-particle_enable=\"false\" data-particle-mobile-disabled=\"false\" class=\"elementor-element elementor-element-7b133be e-flex e-con-boxed e-con e-parent\" data-id=\"7b133be\" data-element_type=\"container\" data-core-v316-plus=\"true\">\n\t\t\t\t\t<div class=\"e-con-inner\">\n\t\t<div data-particle_enable=\"false\" data-particle-mobile-disabled=\"false\" class=\"elementor-element elementor-element-5a7e651 e-con-full e-flex e-con e-child\" data-id=\"5a7e651\" data-element_type=\"container\">\n\t\t\t\t<div class=\"elementor-element elementor-element-5cd1f68 elementor-widget elementor-widget-text-editor\" data-id=\"5cd1f68\" data-element_type=\"widget\" data-widget_type=\"text-editor.default\">\n\t\t\t\t<div class=\"elementor-widget-container\">\n\t\t\t\t\t\t\t<ul><li>12\/09\/2023 Res. CD FCEQyN N\u00ba 432\/23 Aprobar Reglamento Diplomatura Universitaria FCEQyN<\/li><\/ul>\t\t\t\t\t\t<\/div>\n\t\t\t\t<\/div>\n\t\t\t\t<\/div>\n\t\t<div data-particle_enable=\"false\" data-particle-mobile-disabled=\"false\" class=\"elementor-element elementor-element-d98eb15 e-con-full e-flex e-con e-child\" data-id=\"d98eb15\" data-element_type=\"container\">\n\t\t\t\t<div class=\"elementor-element elementor-element-1a4c559 elementor-align-center elementor-widget elementor-widget-button\" data-id=\"1a4c559\" data-element_type=\"widget\" data-widget_type=\"button.default\">\n\t\t\t\t<div class=\"elementor-widget-container\">\n\t\t\t\t\t<div class=\"elementor-button-wrapper\">\n\t\t\t<a class=\"elementor-button elementor-button-link elementor-size-sm\" href=\"\/extension\/wp-content\/uploads\/sites\/4\/2023\/12\/432-2023.pdf\">\n\t\t\t\t\t\t<span class=\"elementor-button-content-wrapper\">\n\t\t\t\t\t\t<span class=\"elementor-button-text\">Descargar<\/span>\n\t\t<\/span>\n\t\t\t\t\t<\/a>\n\t\t<\/div>\n\t\t\t\t<\/div>\n\t\t\t\t<\/div>\n\t\t\t\t<\/div>\n\t\t\t\t\t<\/div>\n\t\t\t\t<\/div>\n\t\t<div data-particle_enable=\"false\" data-particle-mobile-disabled=\"false\" class=\"elementor-element elementor-element-318fcf5 e-flex e-con-boxed e-con e-parent\" data-id=\"318fcf5\" data-element_type=\"container\" data-core-v316-plus=\"true\">\n\t\t\t\t\t<div class=\"e-con-inner\">\n\t\t\t\t<div class=\"elementor-element elementor-element-c01a019 elementor-widget elementor-widget-spacer\" data-id=\"c01a019\" data-element_type=\"widget\" data-widget_type=\"spacer.default\">\n\t\t\t\t<div class=\"elementor-widget-container\">\n\t\t\t\t\t<div class=\"elementor-spacer\">\n\t\t\t<div class=\"elementor-spacer-inner\"><\/div>\n\t\t<\/div>\n\t\t\t\t<\/div>\n\t\t\t\t<\/div>\n\t\t\t\t\t<\/div>\n\t\t\t\t<\/div>\n\t\t<div data-particle_enable=\"false\" data-particle-mobile-disabled=\"false\" class=\"elementor-element elementor-element-7673b22 e-flex e-con-boxed e-con e-parent\" data-id=\"7673b22\" data-element_type=\"container\" data-core-v316-plus=\"true\">\n\t\t\t\t\t<div class=\"e-con-inner\">\n\t\t<div data-particle_enable=\"false\" data-particle-mobile-disabled=\"false\" class=\"elementor-element elementor-element-8b041c3 e-con-full e-flex e-con e-child\" data-id=\"8b041c3\" data-element_type=\"container\">\n\t\t\t\t<div class=\"elementor-element elementor-element-2f273cf elementor-widget elementor-widget-text-editor\" data-id=\"2f273cf\" data-element_type=\"widget\" data-widget_type=\"text-editor.default\">\n\t\t\t\t<div class=\"elementor-widget-container\">\n\t\t\t\t\t\t\t<ul><li>11\/06\/2020 Res. CS N\u00b0 015\/20 Reglamento de Evaluaci\u00f3n y Aprobaci\u00f3n de Servicios Tecnol\u00f3gicos Sociales<\/li><\/ul>\t\t\t\t\t\t<\/div>\n\t\t\t\t<\/div>\n\t\t\t\t<\/div>\n\t\t<div data-particle_enable=\"false\" data-particle-mobile-disabled=\"false\" class=\"elementor-element elementor-element-24de7f2 e-con-full e-flex e-con e-child\" data-id=\"24de7f2\" data-element_type=\"container\">\n\t\t\t\t<div class=\"elementor-element elementor-element-e67d3dd elementor-align-center elementor-widget elementor-widget-button\" data-id=\"e67d3dd\" data-element_type=\"widget\" data-widget_type=\"button.default\">\n\t\t\t\t<div class=\"elementor-widget-container\">\n\t\t\t\t\t<div class=\"elementor-button-wrapper\">\n\t\t\t<a class=\"elementor-button elementor-button-link elementor-size-sm\" href=\"\/extension\/wp-content\/uploads\/sites\/4\/2020\/08\/Res.-CS-N%C2%B0-015-20-Reglamento-Serv-Tec-y-Soc.pdf\">\n\t\t\t\t\t\t<span class=\"elementor-button-content-wrapper\">\n\t\t\t\t\t\t<span class=\"elementor-button-text\">Descargar<\/span>\n\t\t<\/span>\n\t\t\t\t\t<\/a>\n\t\t<\/div>\n\t\t\t\t<\/div>\n\t\t\t\t<\/div>\n\t\t\t\t<\/div>\n\t\t\t\t\t<\/div>\n\t\t\t\t<\/div>\n\t\t<div data-particle_enable=\"false\" data-particle-mobile-disabled=\"false\" class=\"elementor-element elementor-element-a1c25ea e-flex e-con-boxed e-con e-parent\" data-id=\"a1c25ea\" data-element_type=\"container\" data-core-v316-plus=\"true\">\n\t\t\t\t\t<div class=\"e-con-inner\">\n\t\t\t\t<div class=\"elementor-element elementor-element-293e554 elementor-widget elementor-widget-spacer\" data-id=\"293e554\" data-element_type=\"widget\" data-widget_type=\"spacer.default\">\n\t\t\t\t<div class=\"elementor-widget-container\">\n\t\t\t\t\t<div class=\"elementor-spacer\">\n\t\t\t<div class=\"elementor-spacer-inner\"><\/div>\n\t\t<\/div>\n\t\t\t\t<\/div>\n\t\t\t\t<\/div>\n\t\t\t\t\t<\/div>\n\t\t\t\t<\/div>\n\t\t<div data-particle_enable=\"false\" data-particle-mobile-disabled=\"false\" class=\"elementor-element elementor-element-e1b7664 e-flex e-con-boxed e-con e-parent\" data-id=\"e1b7664\" data-element_type=\"container\" data-core-v316-plus=\"true\">\n\t\t\t\t\t<div class=\"e-con-inner\">\n\t\t<div data-particle_enable=\"false\" data-particle-mobile-disabled=\"false\" class=\"elementor-element elementor-element-baef6df e-con-full e-flex e-con e-child\" data-id=\"baef6df\" data-element_type=\"container\">\n\t\t\t\t<div class=\"elementor-element elementor-element-696bfaf elementor-widget elementor-widget-text-editor\" data-id=\"696bfaf\" data-element_type=\"widget\" data-widget_type=\"text-editor.default\">\n\t\t\t\t<div class=\"elementor-widget-container\">\n\t\t\t\t\t\t\t<ul><li>06\/05\/2020 Disp. N\u00b0 355\/20 Instituir que todas las Actividades de Vinculaci\u00f3n, Transferencia y Propiedad Intelectual, deber\u00e1n regirse estrictamente por lo estipulado en el \u201cReglamento General de Actividades, Transferencia y Propiedad Intelectual\u201d (Res. CS 065\/19)<\/li><\/ul>\t\t\t\t\t\t<\/div>\n\t\t\t\t<\/div>\n\t\t\t\t<\/div>\n\t\t<div data-particle_enable=\"false\" data-particle-mobile-disabled=\"false\" class=\"elementor-element elementor-element-2b56cce e-con-full e-flex e-con e-child\" data-id=\"2b56cce\" data-element_type=\"container\">\n\t\t\t\t<div class=\"elementor-element elementor-element-c71cf01 elementor-align-center elementor-widget elementor-widget-button\" data-id=\"c71cf01\" data-element_type=\"widget\" data-widget_type=\"button.default\">\n\t\t\t\t<div class=\"elementor-widget-container\">\n\t\t\t\t\t<div class=\"elementor-button-wrapper\">\n\t\t\t<a class=\"elementor-button elementor-button-link elementor-size-sm\" href=\"\/extension\/wp-content\/uploads\/sites\/4\/2020\/08\/Disp.-N%C2%B0-355-20-.pdf\">\n\t\t\t\t\t\t<span class=\"elementor-button-content-wrapper\">\n\t\t\t\t\t\t<span class=\"elementor-button-text\">Descargar<\/span>\n\t\t<\/span>\n\t\t\t\t\t<\/a>\n\t\t<\/div>\n\t\t\t\t<\/div>\n\t\t\t\t<\/div>\n\t\t\t\t<\/div>\n\t\t\t\t\t<\/div>\n\t\t\t\t<\/div>\n\t\t<div data-particle_enable=\"false\" data-particle-mobile-disabled=\"false\" class=\"elementor-element elementor-element-1a92fde e-flex e-con-boxed e-con e-parent\" data-id=\"1a92fde\" data-element_type=\"container\" data-core-v316-plus=\"true\">\n\t\t\t\t\t<div class=\"e-con-inner\">\n\t\t\t\t<div class=\"elementor-element elementor-element-55f8a9d elementor-widget elementor-widget-spacer\" data-id=\"55f8a9d\" data-element_type=\"widget\" data-widget_type=\"spacer.default\">\n\t\t\t\t<div class=\"elementor-widget-container\">\n\t\t\t\t\t<div class=\"elementor-spacer\">\n\t\t\t<div class=\"elementor-spacer-inner\"><\/div>\n\t\t<\/div>\n\t\t\t\t<\/div>\n\t\t\t\t<\/div>\n\t\t\t\t\t<\/div>\n\t\t\t\t<\/div>\n\t\t<div data-particle_enable=\"false\" data-particle-mobile-disabled=\"false\" class=\"elementor-element elementor-element-c90fe31 e-flex e-con-boxed e-con e-parent\" data-id=\"c90fe31\" data-element_type=\"container\" data-core-v316-plus=\"true\">\n\t\t\t\t\t<div class=\"e-con-inner\">\n\t\t<div data-particle_enable=\"false\" data-particle-mobile-disabled=\"false\" class=\"elementor-element elementor-element-24b498b e-con-full e-flex e-con e-child\" data-id=\"24b498b\" data-element_type=\"container\">\n\t\t\t\t<div class=\"elementor-element elementor-element-500f673 elementor-widget elementor-widget-text-editor\" data-id=\"500f673\" data-element_type=\"widget\" data-widget_type=\"text-editor.default\">\n\t\t\t\t<div class=\"elementor-widget-container\">\n\t\t\t\t\t\t\t<ul><li>12\/12\/2019 Disp. CD N\u00b0 694\/19 Reglamento Aval acad\u00e9mico y\/o cient\u00edfico o auspicio\/declaraci\u00f3n de inter\u00e9s para eventos<\/li><\/ul>\t\t\t\t\t\t<\/div>\n\t\t\t\t<\/div>\n\t\t\t\t<\/div>\n\t\t<div data-particle_enable=\"false\" data-particle-mobile-disabled=\"false\" class=\"elementor-element elementor-element-0bef77a e-con-full e-flex e-con e-child\" data-id=\"0bef77a\" data-element_type=\"container\">\n\t\t\t\t<div class=\"elementor-element elementor-element-9f48b7c elementor-align-center elementor-widget elementor-widget-button\" data-id=\"9f48b7c\" data-element_type=\"widget\" data-widget_type=\"button.default\">\n\t\t\t\t<div class=\"elementor-widget-container\">\n\t\t\t\t\t<div class=\"elementor-button-wrapper\">\n\t\t\t<a class=\"elementor-button elementor-button-link elementor-size-sm\" href=\"\/extension\/wp-content\/uploads\/sites\/4\/2020\/08\/Disp.-CD-N%C2%B0-694-19-Reglamento-Aval-acad%C3%A9mico-FCEQyN.pdf\">\n\t\t\t\t\t\t<span class=\"elementor-button-content-wrapper\">\n\t\t\t\t\t\t<span class=\"elementor-button-text\">Descargar<\/span>\n\t\t<\/span>\n\t\t\t\t\t<\/a>\n\t\t<\/div>\n\t\t\t\t<\/div>\n\t\t\t\t<\/div>\n\t\t\t\t<\/div>\n\t\t\t\t\t<\/div>\n\t\t\t\t<\/div>\n\t\t<div data-particle_enable=\"false\" data-particle-mobile-disabled=\"false\" class=\"elementor-element elementor-element-460208d e-flex e-con-boxed e-con e-parent\" data-id=\"460208d\" data-element_type=\"container\" data-core-v316-plus=\"true\">\n\t\t\t\t\t<div class=\"e-con-inner\">\n\t\t\t\t<div class=\"elementor-element elementor-element-a49dde6 elementor-widget elementor-widget-spacer\" data-id=\"a49dde6\" data-element_type=\"widget\" data-widget_type=\"spacer.default\">\n\t\t\t\t<div class=\"elementor-widget-container\">\n\t\t\t\t\t<div class=\"elementor-spacer\">\n\t\t\t<div class=\"elementor-spacer-inner\"><\/div>\n\t\t<\/div>\n\t\t\t\t<\/div>\n\t\t\t\t<\/div>\n\t\t\t\t\t<\/div>\n\t\t\t\t<\/div>\n\t\t<div data-particle_enable=\"false\" data-particle-mobile-disabled=\"false\" class=\"elementor-element elementor-element-a060c53 e-flex e-con-boxed e-con e-parent\" data-id=\"a060c53\" data-element_type=\"container\" data-core-v316-plus=\"true\">\n\t\t\t\t\t<div class=\"e-con-inner\">\n\t\t<div data-particle_enable=\"false\" data-particle-mobile-disabled=\"false\" class=\"elementor-element elementor-element-b265d9c e-con-full e-flex e-con e-child\" data-id=\"b265d9c\" data-element_type=\"container\">\n\t\t\t\t<div class=\"elementor-element elementor-element-e429514 elementor-widget elementor-widget-text-editor\" data-id=\"e429514\" data-element_type=\"widget\" data-widget_type=\"text-editor.default\">\n\t\t\t\t<div class=\"elementor-widget-container\">\n\t\t\t\t\t\t\t<ul><li>20\/11\/2019 Ord. CS N\u00b0 065\/19 Reglamento de Actividades de Vinculaci\u00f3n, Transferencia y Propiedad Intelectual<\/li><\/ul>\t\t\t\t\t\t<\/div>\n\t\t\t\t<\/div>\n\t\t\t\t<\/div>\n\t\t<div data-particle_enable=\"false\" data-particle-mobile-disabled=\"false\" class=\"elementor-element elementor-element-ae0280c e-con-full e-flex e-con e-child\" data-id=\"ae0280c\" data-element_type=\"container\">\n\t\t\t\t<div class=\"elementor-element elementor-element-b056f33 elementor-align-center elementor-widget elementor-widget-button\" data-id=\"b056f33\" data-element_type=\"widget\" data-widget_type=\"button.default\">\n\t\t\t\t<div class=\"elementor-widget-container\">\n\t\t\t\t\t<div class=\"elementor-button-wrapper\">\n\t\t\t<a class=\"elementor-button elementor-button-link elementor-size-sm\" href=\"\/extension\/wp-content\/uploads\/sites\/4\/2020\/08\/Res.-CS-N%C2%B0-065-19-Reglamento-Actividades-Vinc.-Transf.-y-Prop.-Intelectual-comprimido.pdf\">\n\t\t\t\t\t\t<span class=\"elementor-button-content-wrapper\">\n\t\t\t\t\t\t<span class=\"elementor-button-text\">Descargar<\/span>\n\t\t<\/span>\n\t\t\t\t\t<\/a>\n\t\t<\/div>\n\t\t\t\t<\/div>\n\t\t\t\t<\/div>\n\t\t\t\t<\/div>\n\t\t\t\t\t<\/div>\n\t\t\t\t<\/div>\n\t\t<div data-particle_enable=\"false\" data-particle-mobile-disabled=\"false\" class=\"elementor-element elementor-element-98dc916 e-flex e-con-boxed e-con e-parent\" data-id=\"98dc916\" data-element_type=\"container\" data-core-v316-plus=\"true\">\n\t\t\t\t\t<div class=\"e-con-inner\">\n\t\t\t\t<div class=\"elementor-element elementor-element-3f666a3 elementor-widget elementor-widget-spacer\" data-id=\"3f666a3\" data-element_type=\"widget\" data-widget_type=\"spacer.default\">\n\t\t\t\t<div class=\"elementor-widget-container\">\n\t\t\t\t\t<div class=\"elementor-spacer\">\n\t\t\t<div class=\"elementor-spacer-inner\"><\/div>\n\t\t<\/div>\n\t\t\t\t<\/div>\n\t\t\t\t<\/div>\n\t\t\t\t\t<\/div>\n\t\t\t\t<\/div>\n\t\t<div data-particle_enable=\"false\" data-particle-mobile-disabled=\"false\" class=\"elementor-element elementor-element-8f4671a e-flex e-con-boxed e-con e-parent\" data-id=\"8f4671a\" data-element_type=\"container\" data-core-v316-plus=\"true\">\n\t\t\t\t\t<div class=\"e-con-inner\">\n\t\t<div data-particle_enable=\"false\" data-particle-mobile-disabled=\"false\" class=\"elementor-element elementor-element-490fa4a e-con-full e-flex e-con e-child\" data-id=\"490fa4a\" data-element_type=\"container\">\n\t\t\t\t<div class=\"elementor-element elementor-element-d25c372 elementor-widget elementor-widget-text-editor\" data-id=\"d25c372\" data-element_type=\"widget\" data-widget_type=\"text-editor.default\">\n\t\t\t\t<div class=\"elementor-widget-container\">\n\t\t\t\t\t\t\t<ul><li>27\/06\/2016 Ord. CS N\u00b0 053\/16 Reglamento para convenios espec\u00edficos de Doble Titulaci\u00f3n<\/li><\/ul>\t\t\t\t\t\t<\/div>\n\t\t\t\t<\/div>\n\t\t\t\t<\/div>\n\t\t<div data-particle_enable=\"false\" data-particle-mobile-disabled=\"false\" class=\"elementor-element elementor-element-1d6769d e-con-full e-flex e-con e-child\" data-id=\"1d6769d\" data-element_type=\"container\">\n\t\t\t\t<div class=\"elementor-element elementor-element-1d41419 elementor-align-center elementor-widget elementor-widget-button\" data-id=\"1d41419\" data-element_type=\"widget\" data-widget_type=\"button.default\">\n\t\t\t\t<div class=\"elementor-widget-container\">\n\t\t\t\t\t<div class=\"elementor-button-wrapper\">\n\t\t\t<a class=\"elementor-button elementor-button-link elementor-size-sm\" href=\"\/extension\/wp-content\/uploads\/sites\/4\/2019\/10\/ORD-053-2016-Reglamento-para-Convenios-de-Doble-Titulacion.pdf\">\n\t\t\t\t\t\t<span class=\"elementor-button-content-wrapper\">\n\t\t\t\t\t\t<span class=\"elementor-button-text\">Descargar<\/span>\n\t\t<\/span>\n\t\t\t\t\t<\/a>\n\t\t<\/div>\n\t\t\t\t<\/div>\n\t\t\t\t<\/div>\n\t\t\t\t<\/div>\n\t\t\t\t\t<\/div>\n\t\t\t\t<\/div>\n\t\t<div data-particle_enable=\"false\" data-particle-mobile-disabled=\"false\" class=\"elementor-element elementor-element-cbf9144 e-flex e-con-boxed e-con e-parent\" data-id=\"cbf9144\" data-element_type=\"container\" data-core-v316-plus=\"true\">\n\t\t\t\t\t<div class=\"e-con-inner\">\n\t\t\t\t<div class=\"elementor-element elementor-element-f0e16e4 elementor-widget elementor-widget-spacer\" data-id=\"f0e16e4\" data-element_type=\"widget\" data-widget_type=\"spacer.default\">\n\t\t\t\t<div class=\"elementor-widget-container\">\n\t\t\t\t\t<div class=\"elementor-spacer\">\n\t\t\t<div class=\"elementor-spacer-inner\"><\/div>\n\t\t<\/div>\n\t\t\t\t<\/div>\n\t\t\t\t<\/div>\n\t\t\t\t\t<\/div>\n\t\t\t\t<\/div>\n\t\t<div data-particle_enable=\"false\" data-particle-mobile-disabled=\"false\" class=\"elementor-element elementor-element-9cf86e3 e-flex e-con-boxed e-con e-parent\" data-id=\"9cf86e3\" data-element_type=\"container\" data-core-v316-plus=\"true\">\n\t\t\t\t\t<div class=\"e-con-inner\">\n\t\t<div data-particle_enable=\"false\" data-particle-mobile-disabled=\"false\" class=\"elementor-element elementor-element-68cadec e-con-full e-flex e-con e-child\" data-id=\"68cadec\" data-element_type=\"container\">\n\t\t\t\t<div class=\"elementor-element elementor-element-8d24933 elementor-widget elementor-widget-text-editor\" data-id=\"8d24933\" data-element_type=\"widget\" data-widget_type=\"text-editor.default\">\n\t\t\t\t<div class=\"elementor-widget-container\">\n\t\t\t\t\t\t\t<ul><li>13\/06\/2012 Res. CD N\u00b0 100\/12 Reglamento para actividades de Extensi\u00f3n y Vinculaci\u00f3n Tecnol\u00f3gica<\/li><\/ul>\t\t\t\t\t\t<\/div>\n\t\t\t\t<\/div>\n\t\t\t\t<\/div>\n\t\t<div data-particle_enable=\"false\" data-particle-mobile-disabled=\"false\" class=\"elementor-element elementor-element-f89effb e-con-full e-flex e-con e-child\" data-id=\"f89effb\" data-element_type=\"container\">\n\t\t\t\t<div class=\"elementor-element elementor-element-b847c49 elementor-align-center elementor-widget elementor-widget-button\" data-id=\"b847c49\" data-element_type=\"widget\" data-widget_type=\"button.default\">\n\t\t\t\t<div class=\"elementor-widget-container\">\n\t\t\t\t\t<div class=\"elementor-button-wrapper\">\n\t\t\t<a class=\"elementor-button elementor-button-link elementor-size-sm\" href=\"\/extension\/wp-content\/uploads\/sites\/4\/files\/normativa\/Reglamento-Extension_Res-CD_100-12.pdf\">\n\t\t\t\t\t\t<span class=\"elementor-button-content-wrapper\">\n\t\t\t\t\t\t<span class=\"elementor-button-text\">Descargar<\/span>\n\t\t<\/span>\n\t\t\t\t\t<\/a>\n\t\t<\/div>\n\t\t\t\t<\/div>\n\t\t\t\t<\/div>\n\t\t\t\t<\/div>\n\t\t\t\t\t<\/div>\n\t\t\t\t<\/div>\n\t\t\t\t<\/div>\n\t\t","protected":false},"excerpt":{"rendered":"<p>La Secretar\u00eda de Extensi\u00f3n y Vinculaci\u00f3n Tecnol\u00f3gica de la Facultad de Ciencias Exactas, Qu\u00edmicas y Naturales de la UNaM tiene como reglamentos los siguientes documentos: 08\/08\/2023 Res. CS N\u00ba 049\/23 Reglamento de Post\u00edtulo Docente de la UNaM Descargar 12\/09\/2023 Res. CD FCEQyN N\u00ba 432\/23 Aprobar Reglamento Diplomatura Universitaria FCEQyN Descargar 11\/06\/2020 Res. CS N\u00b0 015\/20 [&hellip;]<\/p>\n","protected":false},"author":1,"featured_media":0,"parent":0,"menu_order":0,"comment_status":"closed","ping_status":"closed","template":"","meta":[],"_links":{"self":[{"href":"https:\/\/secretarias.fceqyn.unam.edu.ar\/extension\/wp-json\/wp\/v2\/pages\/166"}],"collection":[{"href":"https:\/\/secretarias.fceqyn.unam.edu.ar\/extension\/wp-json\/wp\/v2\/pages"}],"about":[{"href":"https:\/\/secretarias.fceqyn.unam.edu.ar\/extension\/wp-json\/wp\/v2\/types\/page"}],"author":[{"embeddable":true,"href":"https:\/\/secretarias.fceqyn.unam.edu.ar\/extension\/wp-json\/wp\/v2\/users\/1"}],"replies":[{"embeddable":true,"href":"https:\/\/secretarias.fceqyn.unam.edu.ar\/extension\/wp-json\/wp\/v2\/comments?post=166"}],"version-history":[{"count":34,"href":"https:\/\/secretarias.fceqyn.unam.edu.ar\/extension\/wp-json\/wp\/v2\/pages\/166\/revisions"}],"predecessor-version":[{"id":705,"href":"https:\/\/secretarias.fceqyn.unam.edu.ar\/extension\/wp-json\/wp\/v2\/pages\/166\/revisions\/705"}],"wp:attachment":[{"href":"https:\/\/secretarias.fceqyn.unam.edu.ar\/extension\/wp-json\/wp\/v2\/media?parent=166"}],"curies":[{"name":"wp","href":"https:\/\/api.w.org\/{rel}","templated":true}]}}