{"id":7999,"date":"2025-11-27T12:15:16","date_gmt":"2025-11-27T15:15:16","guid":{"rendered":"https:\/\/secretarias.fceqyn.unam.edu.ar\/academica\/?page_id=7999"},"modified":"2025-12-02T10:19:54","modified_gmt":"2025-12-02T13:19:54","slug":"postitulos-para-la-ensenanza-de-la-matematica","status":"publish","type":"page","link":"https:\/\/secretarias.fceqyn.unam.edu.ar\/academica\/postitulos-para-la-ensenanza-de-la-matematica\/","title":{"rendered":"Post\u00edtulos para la Ense\u00f1anza de la matem\u00e1tica"},"content":{"rendered":"\n<p>El 30 de julio de 2025 el Profesorado en Matem\u00e1tica de la FCEQyN-UNaM dar\u00e1 inicio a la segunda cohorte del Programa de Postitulaci\u00f3n en Ense\u00f1anza de la Matem\u00e1tica (PEM).<\/p>\n\n\n\n<p>Se trata de tres post\u00edtulos de dictado simult\u00e1neo. Los docentes podr\u00e1n optar por cursar uno, dos o tres post\u00edtulos independientes.<\/p>\n\n\n\n<p>El PEM est\u00e1 reconocido mediante Resoluci\u00f3n N\u00ba 231\/25 del Ministerio de Educaci\u00f3n de Misiones. <\/p>\n\n\n\n<p>Cupos limitados<\/p>\n\n\n\n<p>Preinscripciones abiertas del 10 al 23 de junio de 2025<\/p>\n\n\n\n<p>Se tramitan exclusivamente a trav\u00e9s de la plataforma SIRyC del CGE Misiones<\/p>\n\n\n\n<p>Consultas: postitulosensenanzamatematica@gmail.com<\/p>\n\n\n\n<p>Puntaje docente: la Resoluci\u00f3n N\u00ba 231\/2025 del Ministerio de Educaci\u00f3n, Ciencia y Tecnolog\u00eda de la Provincia de Misiones aprueba el dictado de esta Diplomatura y otorga puntaje \u00fanicamente en la Provincia de Misiones.<\/p>\n\n\n\n<p>Para acceder al puntaje docente, los docentes deben estar inscriptos en el sistema SIRyC del CGE \u2013 SIN EXCEPCI\u00d3N<\/p>\n\n\n\n<p>Inscripci\u00f3n: $15.000 pesos<\/p>\n\n\n\n<p>Aclaraci\u00f3n: quien curse dos o tres post\u00edtulos, abonan las inscripciones a cada post\u00edtulo y s\u00f3lo abona las cuotas del de mayor duraci\u00f3n.<\/p>\n\n\n\n<p>Requisitos de admisi\u00f3n: El aspirante a cursar el post\u00edtulo debe ser Profesor en Matem\u00e1tica, Licenciado en Matem\u00e1tica o desempe\u00f1arse como docente en el \u00e1rea de matem\u00e1tica, seg\u00fan Art. 1 Reglamento de post\u00edtulos docentes, Anexo I de la Ord.001\/19 UNaM.<\/p>\n\n\n\n<p>Cupo: m\u00ednimo 15 y m\u00e1ximo 100 estudiantes.<\/p>\n\n\n\n<figure class=\"wp-block-table\"><table><thead><tr><th><\/th><th><\/th><th><\/th><th><\/th><\/tr><\/thead><tbody><tr><td>Post\u00edtulo<\/td><td>Duraci\u00f3n del dictado<\/td><td>Carga horaria total<\/td><td>Costo<\/td><\/tr><tr><td>Actualizaci\u00f3n Acad\u00e9mica en Ense\u00f1anza de la Matem\u00e1tica<\/td><td>6 meses<\/td><td>200 horas\/reloj<\/td><td>Cuotas mensuales de $30.000 (con ajuste por inflaci\u00f3n cada 3 meses)<\/td><\/tr><tr><td>Especializaci\u00f3n Superior en Ense\u00f1anza de la Matem\u00e1tica mediada por las NTIC\u2019S<\/td><td>12 meses<\/td><td>400 horas\/reloj<\/td><td>Cuotas mensuales de $30.000 (con ajuste por inflaci\u00f3n cada 3 meses)<\/td><\/tr><tr><td>Diplomatura Superior en Ense\u00f1anza de la Matem\u00e1tica<\/td><td>18 meses<\/td><td>600 horas\/reloj<\/td><td>Cuotas mensuales de $30.000 (con ajuste por inflaci\u00f3n cada 3 meses)<\/td><\/tr><\/tbody><\/table><\/figure>\n\n\n\n<p><strong>Pre-inscripci\u00f3n: hasta el 23\/06\/2025<\/strong><\/p>\n\n\n\n<p>Enlaces de Preinscripci\u00f3n en SIRyC<\/p>\n\n\n\n<p>Actualizaci\u00f3n: <a href=\"https:\/\/www.cgepm.gov.ar\/jcyd\/cuce\/438\/actividad\" target=\"_blank\" rel=\"noreferrer noopener\">https:\/\/www.cgepm.gov.ar\/jcyd\/cuce\/438\/actividad<\/a><\/p>\n\n\n\n<p>Especializaci\u00f3n: <a href=\"https:\/\/www.cgepm.gov.ar\/jcyd\/cuce\/439\/actividad\" target=\"_blank\" rel=\"noreferrer noopener\">https:\/\/www.cgepm.gov.ar\/jcyd\/cuce\/439\/actividad<\/a><\/p>\n\n\n\n<p>Diplomatura: <a href=\"https:\/\/www.cgepm.gov.ar\/jcyd\/cuce\/440\/actividad\" target=\"_blank\" rel=\"noreferrer noopener\">https:\/\/www.cgepm.gov.ar\/jcyd\/cuce\/440\/actividad<\/a><\/p>\n","protected":false},"excerpt":{"rendered":"<p>El 30 de julio de 2025 el Profesorado en Matem\u00e1tica de la FCEQyN-UNaM dar\u00e1 inicio a la segunda cohorte del Programa de Postitulaci\u00f3n en Ense\u00f1anza de la Matem\u00e1tica (PEM). Se trata de tres post\u00edtulos de dictado simult\u00e1neo. Los docentes podr\u00e1n optar por cursar uno, dos o tres post\u00edtulos independientes. El PEM est\u00e1 reconocido mediante Resoluci\u00f3n [&hellip;]<\/p>\n","protected":false},"author":1,"featured_media":0,"parent":0,"menu_order":0,"comment_status":"closed","ping_status":"closed","template":"","meta":[],"_links":{"self":[{"href":"https:\/\/secretarias.fceqyn.unam.edu.ar\/academica\/wp-json\/wp\/v2\/pages\/7999"}],"collection":[{"href":"https:\/\/secretarias.fceqyn.unam.edu.ar\/academica\/wp-json\/wp\/v2\/pages"}],"about":[{"href":"https:\/\/secretarias.fceqyn.unam.edu.ar\/academica\/wp-json\/wp\/v2\/types\/page"}],"author":[{"embeddable":true,"href":"https:\/\/secretarias.fceqyn.unam.edu.ar\/academica\/wp-json\/wp\/v2\/users\/1"}],"replies":[{"embeddable":true,"href":"https:\/\/secretarias.fceqyn.unam.edu.ar\/academica\/wp-json\/wp\/v2\/comments?post=7999"}],"version-history":[{"count":6,"href":"https:\/\/secretarias.fceqyn.unam.edu.ar\/academica\/wp-json\/wp\/v2\/pages\/7999\/revisions"}],"predecessor-version":[{"id":8136,"href":"https:\/\/secretarias.fceqyn.unam.edu.ar\/academica\/wp-json\/wp\/v2\/pages\/7999\/revisions\/8136"}],"wp:attachment":[{"href":"https:\/\/secretarias.fceqyn.unam.edu.ar\/academica\/wp-json\/wp\/v2\/media?parent=7999"}],"curies":[{"name":"wp","href":"https:\/\/api.w.org\/{rel}","templated":true}]}}