{"id":6090,"date":"2020-12-30T00:53:55","date_gmt":"2020-12-30T00:53:55","guid":{"rendered":"https:\/\/secretarias.fceqyn.unam.edu.ar\/academica\/?page_id=6090"},"modified":"2025-11-27T08:30:34","modified_gmt":"2025-11-27T11:30:34","slug":"diplomatura-superior-en-educacion-ambiental","status":"publish","type":"page","link":"https:\/\/secretarias.fceqyn.unam.edu.ar\/academica\/diplomatura-superior-en-educacion-ambiental\/","title":{"rendered":"Diplomatura Superior en Educaci\u00f3n Ambiental"},"content":{"rendered":"\t\t<div data-elementor-type=\"wp-page\" data-elementor-id=\"6090\" class=\"elementor elementor-6090\" data-elementor-post-type=\"page\">\n\t\t\t\t<div data-particle_enable=\"false\" data-particle-mobile-disabled=\"false\" class=\"elementor-element elementor-element-596fdb46 e-flex e-con-boxed e-con e-parent\" data-id=\"596fdb46\" data-element_type=\"container\" data-core-v316-plus=\"true\">\n\t\t\t\t\t<div class=\"e-con-inner\">\n\t\t\t\t<div class=\"elementor-element elementor-element-6a362ab3 elementor-widget elementor-widget-text-editor\" data-id=\"6a362ab3\" data-element_type=\"widget\" data-widget_type=\"text-editor.default\">\n\t\t\t\t<div class=\"elementor-widget-container\">\n\t\t\t<style>\/*! elementor - v3.20.0 - 20-03-2024 *\/\n.elementor-widget-text-editor.elementor-drop-cap-view-stacked .elementor-drop-cap{background-color:#69727d;color:#fff}.elementor-widget-text-editor.elementor-drop-cap-view-framed .elementor-drop-cap{color:#69727d;border:3px solid;background-color:transparent}.elementor-widget-text-editor:not(.elementor-drop-cap-view-default) .elementor-drop-cap{margin-top:8px}.elementor-widget-text-editor:not(.elementor-drop-cap-view-default) .elementor-drop-cap-letter{width:1em;height:1em}.elementor-widget-text-editor .elementor-drop-cap{float:left;text-align:center;line-height:1;font-size:50px}.elementor-widget-text-editor .elementor-drop-cap-letter{display:inline-block}<\/style>\t\t\t\t<!-- wp:paragraph -->\n<p><strong>Puntaje docente:\u00a0<\/strong>La Resoluci\u00f3n N\u00ba 187\/20\u00a0\u00a0del Ministerio de Educaci\u00f3n, Ciencia y Tecnolog\u00eda de la Provincia de Misiones aprueba el dictado de esta Diplomatura y\u00a0<strong>otorga puntaje \u00fanicamente<\/strong>\u00a0<strong>en la Provincia de Misiones.\u00a0<\/strong><\/p>\n<!-- \/wp:paragraph --><!-- wp:separator -->\n<p>\u00a0<\/p>\n<hr class=\"wp-block-separator\" \/><!-- \/wp:separator --><!-- wp:paragraph -->\n<p>La diplomatura denominada <strong>Educaci\u00f3n Ambiental <\/strong>fue aprobada por:<\/p>\n<!-- \/wp:paragraph --><!-- wp:list {\"ordered\":true} -->\n<ol>\n<li><a href=\"http:\/\/secretarias.fceqyn.unam.edu.ar\/academica\/wp-content\/uploads\/sites\/5\/2025\/11\/Res_CD_136-20.pdf\" target=\"_blank\" rel=\"noopener\">Resoluci\u00f3n HCD N\u00ba 136\/20<\/a> FCEQyN.<\/li>\n<li><a href=\"http:\/\/secretarias.fceqyn.unam.edu.ar\/academica\/wp-content\/uploads\/sites\/5\/2025\/11\/Res_Ministerio_187-20.pdf\" target=\"_blank\" rel=\"noopener\">Resoluci\u00f3n N\u00ba 187\/20<\/a>\u00a0del Ministerio de Educaci\u00f3n Ciencia y Tecnolog\u00eda.<\/li>\n<li><a href=\"http:\/\/secretarias.fceqyn.unam.edu.ar\/academica\/wp-content\/uploads\/sites\/5\/2025\/11\/Declaracion_Interes_HCR.pdf\" target=\"_blank\" rel=\"noopener\">Declaraci\u00f3n de Inter\u00e9s HCR.<\/a><\/li>\n<\/ol>\n<!-- \/wp:list --><!-- wp:separator --><hr class=\"wp-block-separator\" \/>\n<p>\u00a0<\/p>\n<p><strong>Las inscripciones se encuentran cerradas<\/strong><\/p>\n<!-- \/wp:paragraph -->\t\t\t\t\t\t<\/div>\n\t\t\t\t<\/div>\n\t\t\t\t\t<\/div>\n\t\t\t\t<\/div>\n\t\t\t\t<\/div>\n\t\t","protected":false},"excerpt":{"rendered":"<p>Puntaje docente:\u00a0La Resoluci\u00f3n N\u00ba 187\/20\u00a0\u00a0del Ministerio de Educaci\u00f3n, Ciencia y Tecnolog\u00eda de la Provincia de Misiones aprueba el dictado de esta Diplomatura y\u00a0otorga puntaje \u00fanicamente\u00a0en la Provincia de Misiones.\u00a0 La diplomatura denominada Educaci\u00f3n Ambiental fue aprobada por: Resoluci\u00f3n HCD N\u00ba 136\/20 FCEQyN. Resoluci\u00f3n N\u00ba 187\/20\u00a0del Ministerio de Educaci\u00f3n Ciencia y Tecnolog\u00eda. Declaraci\u00f3n de Inter\u00e9s HCR.<\/p>\n","protected":false},"author":1,"featured_media":0,"parent":0,"menu_order":0,"comment_status":"closed","ping_status":"closed","template":"","meta":[],"_links":{"self":[{"href":"https:\/\/secretarias.fceqyn.unam.edu.ar\/academica\/wp-json\/wp\/v2\/pages\/6090"}],"collection":[{"href":"https:\/\/secretarias.fceqyn.unam.edu.ar\/academica\/wp-json\/wp\/v2\/pages"}],"about":[{"href":"https:\/\/secretarias.fceqyn.unam.edu.ar\/academica\/wp-json\/wp\/v2\/types\/page"}],"author":[{"embeddable":true,"href":"https:\/\/secretarias.fceqyn.unam.edu.ar\/academica\/wp-json\/wp\/v2\/users\/1"}],"replies":[{"embeddable":true,"href":"https:\/\/secretarias.fceqyn.unam.edu.ar\/academica\/wp-json\/wp\/v2\/comments?post=6090"}],"version-history":[{"count":18,"href":"https:\/\/secretarias.fceqyn.unam.edu.ar\/academica\/wp-json\/wp\/v2\/pages\/6090\/revisions"}],"predecessor-version":[{"id":7889,"href":"https:\/\/secretarias.fceqyn.unam.edu.ar\/academica\/wp-json\/wp\/v2\/pages\/6090\/revisions\/7889"}],"wp:attachment":[{"href":"https:\/\/secretarias.fceqyn.unam.edu.ar\/academica\/wp-json\/wp\/v2\/media?parent=6090"}],"curies":[{"name":"wp","href":"https:\/\/api.w.org\/{rel}","templated":true}]}}