{"id":6086,"date":"2020-12-30T00:28:52","date_gmt":"2020-12-30T00:28:52","guid":{"rendered":"https:\/\/secretarias.fceqyn.unam.edu.ar\/academica\/?page_id=6086"},"modified":"2020-12-30T00:28:52","modified_gmt":"2020-12-30T00:28:52","slug":"diplomatura-superior-en-educacion-en-salud-integral-del-nino-y-adolescente-y-sus-derechos","status":"publish","type":"page","link":"https:\/\/secretarias.fceqyn.unam.edu.ar\/academica\/diplomatura-superior-en-educacion-en-salud-integral-del-nino-y-adolescente-y-sus-derechos\/","title":{"rendered":"Diplomatura Superior en Educaci\u00f3n en Salud Integral del ni\u00f1o, ni\u00f1a y adolescente y sus derechos"},"content":{"rendered":"\n<p><strong>Cohorte 2025<\/strong><\/p>\n\n\n\n<p>Preinscripciones: 16\/5\/2025 al 2\/6\/2025<\/p>\n\n\n\n<p>Fecha de inicio: 16\/6\/2025<\/p>\n\n\n\n<p>Modalidad: a distancia (Plataforma Moodle FCEQyN-UNaM)<\/p>\n\n\n\n<p>Cupos limitados<\/p>\n\n\n\n<p><strong>Puntaje docente:<\/strong> la Resoluci\u00f3n N\u00ba 171\/2025 del Ministerio de Educaci\u00f3n, Ciencia y Tecnolog\u00eda de la Provincia de Misiones aprueba el dictado de esta Diplomatura y <strong>otorga puntaje \u00fanicamente en la Provincia de Misiones<\/strong>.<\/p>\n\n\n\n<p>Para acceder al puntaje docente, deben estar inscriptos en el sistema SIRyC del CGE &#8211; <strong>SIN EXCEPCI\u00d3N<\/strong>&nbsp;<\/p>\n\n\n\n<hr class=\"wp-block-separator has-alpha-channel-opacity\" \/>\n\n\n\n<p><strong>Inscripciones&nbsp;<\/strong><\/p>\n\n\n\n<p>Per\u00edodo de preinscripci\u00f3n: 16\/5\/2025 al 2\/2025<\/p>\n\n\n\n<p>Arancel<\/p>\n\n\n\n<p>Inscripci\u00f3n: $15.000 pesos<\/p>\n\n\n\n<p>2 cuotas de $ 20.000 pesos (junio y julio 2025)<\/p>\n\n\n\n<p>2 cuotas de $ 30.000 pesos (agosto y septiembre 2025)<\/p>\n\n\n\n<p>3 cuotas de $ 35.000 pesos (octubre, noviembre y diciembre 2025)<\/p>\n\n\n\n<p>Luego de la Preinscripci\u00f3n deben comunicarse con la Diplomatura al e mail &nbsp; <a href=\"mailto:diplomaturaeducacionsalud@gmail.com\"><strong>diplomaturaeducacionsalud@gmail.com<\/strong><\/a><\/p>\n\n\n\n<p><strong>IMPORTANTE<\/strong>: La Preinscripci\u00f3n NO garantiza su inscripci\u00f3n definitiva a este post\u00edtulo.<\/p>\n\n\n\n<p>El docente debe COMPLETAR SU INSCRIPCION con la instituci\u00f3n<\/p>\n\n\n\n<hr class=\"wp-block-separator has-alpha-channel-opacity\" \/>\n\n\n\n<p>La diplomatura denominada Educaci\u00f3n en Salud Integral del Ni\u00f1o, Ni\u00f1a y Adolescente y sus Derechos fue aprobada por:<\/p>\n\n\n\n<p>Resoluci\u00f3n CD FCEQyN-UNaM N\u00ba 484\/2024<\/p>\n\n\n\n<p>Resoluci\u00f3n CS. UNaM N\u00ba 107\/2023<\/p>\n\n\n\n<p>Resoluci\u00f3n N\u00ba 171\/2025 del Ministerio de Educaci\u00f3n Ciencia y Tecnolog\u00eda de Misione<\/p>\n","protected":false},"excerpt":{"rendered":"<p>Cohorte 2025 Preinscripciones: 16\/5\/2025 al 2\/6\/2025 Fecha de inicio: 16\/6\/2025 Modalidad: a distancia (Plataforma Moodle FCEQyN-UNaM) Cupos limitados Puntaje docente: la Resoluci\u00f3n N\u00ba 171\/2025 del Ministerio de Educaci\u00f3n, Ciencia y Tecnolog\u00eda de la Provincia de Misiones aprueba el dictado de esta Diplomatura y otorga puntaje \u00fanicamente en la Provincia de Misiones. Para acceder al puntaje [&hellip;]<\/p>\n","protected":false},"author":1,"featured_media":0,"parent":0,"menu_order":0,"comment_status":"closed","ping_status":"closed","template":"","meta":[],"_links":{"self":[{"href":"https:\/\/secretarias.fceqyn.unam.edu.ar\/academica\/wp-json\/wp\/v2\/pages\/6086"}],"collection":[{"href":"https:\/\/secretarias.fceqyn.unam.edu.ar\/academica\/wp-json\/wp\/v2\/pages"}],"about":[{"href":"https:\/\/secretarias.fceqyn.unam.edu.ar\/academica\/wp-json\/wp\/v2\/types\/page"}],"author":[{"embeddable":true,"href":"https:\/\/secretarias.fceqyn.unam.edu.ar\/academica\/wp-json\/wp\/v2\/users\/1"}],"replies":[{"embeddable":true,"href":"https:\/\/secretarias.fceqyn.unam.edu.ar\/academica\/wp-json\/wp\/v2\/comments?post=6086"}],"version-history":[{"count":0,"href":"https:\/\/secretarias.fceqyn.unam.edu.ar\/academica\/wp-json\/wp\/v2\/pages\/6086\/revisions"}],"wp:attachment":[{"href":"https:\/\/secretarias.fceqyn.unam.edu.ar\/academica\/wp-json\/wp\/v2\/media?parent=6086"}],"curies":[{"name":"wp","href":"https:\/\/api.w.org\/{rel}","templated":true}]}}