{"id":5939,"date":"2020-06-11T00:32:41","date_gmt":"2020-06-11T00:32:41","guid":{"rendered":"https:\/\/secretarias.fceqyn.unam.edu.ar\/academica\/?page_id=5939"},"modified":"2025-11-27T08:38:35","modified_gmt":"2025-11-27T11:38:35","slug":"diplomatura-neurociencia-educacion","status":"publish","type":"page","link":"https:\/\/secretarias.fceqyn.unam.edu.ar\/academica\/diplomatura-neurociencia-educacion\/","title":{"rendered":"Diplomatura en Neurociencia y Educaci\u00f3n"},"content":{"rendered":"\t\t<div data-elementor-type=\"wp-page\" data-elementor-id=\"5939\" class=\"elementor elementor-5939\" data-elementor-post-type=\"page\">\n\t\t\t\t<div data-particle_enable=\"false\" data-particle-mobile-disabled=\"false\" class=\"elementor-element elementor-element-60c08027 e-flex e-con-boxed e-con e-parent\" data-id=\"60c08027\" data-element_type=\"container\" data-core-v316-plus=\"true\">\n\t\t\t\t\t<div class=\"e-con-inner\">\n\t\t\t\t<div class=\"elementor-element elementor-element-2b46eff7 elementor-widget elementor-widget-text-editor\" data-id=\"2b46eff7\" data-element_type=\"widget\" data-widget_type=\"text-editor.default\">\n\t\t\t\t<div class=\"elementor-widget-container\">\n\t\t\t<style>\/*! elementor - v3.20.0 - 20-03-2024 *\/\n.elementor-widget-text-editor.elementor-drop-cap-view-stacked .elementor-drop-cap{background-color:#69727d;color:#fff}.elementor-widget-text-editor.elementor-drop-cap-view-framed .elementor-drop-cap{color:#69727d;border:3px solid;background-color:transparent}.elementor-widget-text-editor:not(.elementor-drop-cap-view-default) .elementor-drop-cap{margin-top:8px}.elementor-widget-text-editor:not(.elementor-drop-cap-view-default) .elementor-drop-cap-letter{width:1em;height:1em}.elementor-widget-text-editor .elementor-drop-cap{float:left;text-align:center;line-height:1;font-size:50px}.elementor-widget-text-editor .elementor-drop-cap-letter{display:inline-block}<\/style>\t\t\t\t<!-- wp:paragraph -->\n<p>La diplomatura denominada DIPLOMATURA EN NEUROCIENCIA Y EDUCACION fue aprobada por:<\/p>\n<!-- \/wp:paragraph --><!-- wp:list {\"ordered\":true} -->\n<ol>\n<li><a href=\"http:\/\/secretarias.fceqyn.unam.edu.ar\/academica\/wp-content\/uploads\/sites\/5\/2025\/11\/RES_04612017.pdf\" target=\"_blank\" rel=\"noopener\">Resoluci\u00f3n HCD N\u00ba 461\/17<\/a>\u00a0FCEQyN,<\/li>\n<li><a href=\"http:\/\/secretarias.fceqyn.unam.edu.ar\/academica\/wp-content\/uploads\/sites\/5\/2025\/11\/Res_CS_022-19.pdf\" target=\"_blank\" rel=\"noopener\">Resoluci\u00f3n HCS N\u00ba 022\/19<\/a> de la UNaM,<\/li>\n<li>Registro del Sistema Inform\u00e1tico de Gesti\u00f3n Documental Electr\u00f3nica (GDE) <a href=\"http:\/\/secretarias.fceqyn.unam.edu.ar\/academica\/wp-content\/uploads\/sites\/5\/2025\/11\/DNGU_IF-2019-50688365.pdf\" target=\"_blank\" rel=\"noopener\">IF-2019-50688365-APN-DNGYFU#MECCYT)<\/a><\/li>\n<\/ol>\n<!-- \/wp:list --><!-- wp:separator -->\n<p>\u00a0<\/p>\n<hr class=\"wp-block-separator\" \/><!-- \/wp:separator --><!-- wp:paragraph -->\n<p><strong>Las inscripciones se encuentran cerradas<\/strong><\/p>\n<!-- \/wp:paragraph --><!-- wp:separator --><hr class=\"wp-block-separator\" \/><!-- \/wp:separator --><!-- wp:paragraph -->\n<p>\u00a0<\/p>\n<p>Los alumnos de la Provincia de Santa Cruz y de Entre R\u00edos podr\u00e1n descargar sus certificados escaneados en formato PDF.<\/p>\n<!-- \/wp:paragraph --><!-- wp:heading {\"level\":4} -->\n<h4>Certificados Impresos<\/h4>\n<!-- \/wp:heading --><!-- wp:spacer {\"height\":20} -->\n<div class=\"wp-block-spacer\" style=\"height: 20px;\" aria-hidden=\"true\">\u00a0<\/div>\n<!-- \/wp:spacer --><!-- wp:paragraph -->\n<p>Informamos que los certificados impresos correspondientes a la Diplomatura en Neurociencias y Educaci\u00f3n, se encuentran a disposici\u00f3n para ser retirados en Secretar\u00eda Acad\u00e9mica de nuestra facultad (F\u00e9lix de Azara 1552, primer piso, Posadas).<\/p>\n<!-- \/wp:paragraph --><!-- wp:spacer {\"height\":20} -->\n<div class=\"wp-block-spacer\" style=\"height: 20px;\" aria-hidden=\"true\">\u00a0<\/div>\n<!-- \/wp:spacer --><!-- wp:paragraph -->\n<p>Se entregar\u00e1n contra presentaci\u00f3n de DNI.<\/p>\n<!-- \/wp:paragraph --><!-- wp:spacer {\"height\":20} -->\n<div class=\"wp-block-spacer\" style=\"height: 20px;\" aria-hidden=\"true\">\u00a0<\/div>\n<!-- \/wp:spacer --><!-- wp:paragraph -->\n<p>En caso que el documento deba ser retirado por un apoderado, deber\u00e1 presentar un poder en que conste nombre, apellido y DNI de la\/s persona\/s representada\/a, firmada por escribano o Juez de Paz.<\/p>\n<!-- \/wp:paragraph --><!-- wp:spacer {\"height\":20} -->\n<div class=\"wp-block-spacer\" style=\"height: 20px;\" aria-hidden=\"true\">\u00a0<\/div>\n<!-- \/wp:spacer --><!-- wp:paragraph -->\n<p>Concertar <strong>turno<\/strong> previamente a los correos:<br \/>SANTA CRUZ: diplomaturasantacruz@fceqyn.unam.edu.ar<br \/>ENTRE RIOS: diplomaturaentrerios@fceqyn.unam.edu.ar<\/p>\n<!-- \/wp:paragraph -->\t\t\t\t\t\t<\/div>\n\t\t\t\t<\/div>\n\t\t\t\t\t<\/div>\n\t\t\t\t<\/div>\n\t\t\t\t<\/div>\n\t\t","protected":false},"excerpt":{"rendered":"<p>La diplomatura denominada DIPLOMATURA EN NEUROCIENCIA Y EDUCACION fue aprobada por: Resoluci\u00f3n HCD N\u00ba 461\/17\u00a0FCEQyN, Resoluci\u00f3n HCS N\u00ba 022\/19 de la UNaM, Registro del Sistema Inform\u00e1tico de Gesti\u00f3n Documental Electr\u00f3nica (GDE) IF-2019-50688365-APN-DNGYFU#MECCYT) Las inscripciones se encuentran cerradas \u00a0 Los alumnos de la Provincia de Santa Cruz y de Entre R\u00edos podr\u00e1n descargar sus certificados escaneados [&hellip;]<\/p>\n","protected":false},"author":1,"featured_media":0,"parent":0,"menu_order":0,"comment_status":"closed","ping_status":"closed","template":"","meta":[],"_links":{"self":[{"href":"https:\/\/secretarias.fceqyn.unam.edu.ar\/academica\/wp-json\/wp\/v2\/pages\/5939"}],"collection":[{"href":"https:\/\/secretarias.fceqyn.unam.edu.ar\/academica\/wp-json\/wp\/v2\/pages"}],"about":[{"href":"https:\/\/secretarias.fceqyn.unam.edu.ar\/academica\/wp-json\/wp\/v2\/types\/page"}],"author":[{"embeddable":true,"href":"https:\/\/secretarias.fceqyn.unam.edu.ar\/academica\/wp-json\/wp\/v2\/users\/1"}],"replies":[{"embeddable":true,"href":"https:\/\/secretarias.fceqyn.unam.edu.ar\/academica\/wp-json\/wp\/v2\/comments?post=5939"}],"version-history":[{"count":15,"href":"https:\/\/secretarias.fceqyn.unam.edu.ar\/academica\/wp-json\/wp\/v2\/pages\/5939\/revisions"}],"predecessor-version":[{"id":7904,"href":"https:\/\/secretarias.fceqyn.unam.edu.ar\/academica\/wp-json\/wp\/v2\/pages\/5939\/revisions\/7904"}],"wp:attachment":[{"href":"https:\/\/secretarias.fceqyn.unam.edu.ar\/academica\/wp-json\/wp\/v2\/media?parent=5939"}],"curies":[{"name":"wp","href":"https:\/\/api.w.org\/{rel}","templated":true}]}}