{"id":5401,"date":"2018-07-02T13:11:25","date_gmt":"2018-07-02T13:11:25","guid":{"rendered":"https:\/\/secretarias.fceqyn.unam.edu.ar\/academica\/?page_id=5401"},"modified":"2025-12-15T11:31:44","modified_gmt":"2025-12-15T14:31:44","slug":"planes-departamentales-res-cd-de-aprobacion","status":"publish","type":"page","link":"https:\/\/secretarias.fceqyn.unam.edu.ar\/academica\/secretaria-de-academica\/docentes\/carrera-docente\/planes-departamentales-res-cd-de-aprobacion\/","title":{"rendered":"Planes Departamentales &#8211; Res. CD de Aprobaci\u00f3n."},"content":{"rendered":"\n<ul>\n<li><a href=\"https:\/\/secretarias.fceqyn.unam.edu.ar\/academica\/wp-content\/uploads\/sites\/5\/2025\/12\/res_cd_240-16_biologia.pdf\" target=\"_blank\" rel=\"noreferrer noopener\">Res. CD 240\/16 &#8211; Dpto. de Biolog\u00eda.<\/a><\/li>\n\n\n\n<li><a href=\"https:\/\/secretarias.fceqyn.unam.edu.ar\/academica\/wp-content\/uploads\/sites\/5\/2025\/12\/res_cd_249-16_bioquimica_clinica.pdf\" target=\"_blank\" rel=\"noreferrer noopener\">Res. CD 249\/16 &#8211; Dpto. de Bioqu\u00edmica Cl\u00ednica.<\/a><\/li>\n\n\n\n<li><a href=\"https:\/\/secretarias.fceqyn.unam.edu.ar\/academica\/wp-content\/uploads\/sites\/5\/2025\/12\/res_cd_176-16_cyt_alimentos.pdf\" target=\"_blank\" rel=\"noreferrer noopener\">Res. CD 176\/16 &#8211; Dpto. de CyT Alimentos.<\/a><\/li>\n\n\n\n<li><a href=\"https:\/\/secretarias.fceqyn.unam.edu.ar\/academica\/wp-content\/uploads\/sites\/5\/2025\/12\/res_cd_248-16_farmacia.pdf\" target=\"_blank\" rel=\"noreferrer noopener\">Res. CD 248\/16 &#8211; Dpto. de Farmacia.<\/a><\/li>\n\n\n\n<li><a href=\"https:\/\/secretarias.fceqyn.unam.edu.ar\/academica\/wp-content\/uploads\/sites\/5\/2025\/12\/res_cd_237-16_fisica.pdf\" target=\"_blank\" rel=\"noreferrer noopener\">Res. CD 237\/16 &#8211; Dpto. de F\u00edsica.<\/a><\/li>\n\n\n\n<li><a href=\"https:\/\/secretarias.fceqyn.unam.edu.ar\/academica\/wp-content\/uploads\/sites\/5\/2025\/12\/res_cd_246-16_fisicoquimica.pdf\" target=\"_blank\" rel=\"noreferrer noopener\">Res. CD 246\/16 &#8211; Dpto. Fisicoqu\u00edmica.<\/a><\/li>\n\n\n\n<li><a href=\"https:\/\/secretarias.fceqyn.unam.edu.ar\/academica\/wp-content\/uploads\/sites\/5\/2025\/12\/res_cd_245-16_form_docente_edu_cientifica.pdf\" target=\"_blank\" rel=\"noreferrer noopener\">Res. CD 245\/16 &#8211; Dpto. de Formaci\u00f3n Docente y Educaci\u00f3n Cient\u00edfica.<\/a><\/li>\n\n\n\n<li><a href=\"https:\/\/secretarias.fceqyn.unam.edu.ar\/academica\/wp-content\/uploads\/sites\/5\/2025\/12\/res_cd_243-16_ind_medio_ambiente.pdf\" target=\"_blank\" rel=\"noreferrer noopener\">Res. CD 243\/16 &#8211; Dpto. de Industria y Medio Ambiente.<\/a><\/li>\n\n\n\n<li><a href=\"https:\/\/secretarias.fceqyn.unam.edu.ar\/academica\/wp-content\/uploads\/sites\/5\/2025\/12\/res_cd_242-16_informatica.pdf\" target=\"_blank\" rel=\"noreferrer noopener\">Res. CD 242\/16 &#8211; Dpto. de Inform\u00e1tica.<\/a><\/li>\n\n\n\n<li><a href=\"https:\/\/secretarias.fceqyn.unam.edu.ar\/academica\/wp-content\/uploads\/sites\/5\/2025\/12\/res_cd_238-16_ing_quimica.pdf\" target=\"_blank\" rel=\"noreferrer noopener\">Res. CD 238\/16 &#8211; Dpto. de Ing. Qu\u00edmica.<\/a><\/li>\n\n\n\n<li><a href=\"https:\/\/secretarias.fceqyn.unam.edu.ar\/academica\/wp-content\/uploads\/sites\/5\/2025\/12\/res_cd_244-16_matematica.pdf\" target=\"_blank\" rel=\"noreferrer noopener\">Res. CD 244\/16 &#8211; Dpto. de Matem\u00e1tica.<\/a><\/li>\n\n\n\n<li><a href=\"https:\/\/secretarias.fceqyn.unam.edu.ar\/academica\/wp-content\/uploads\/sites\/5\/2025\/12\/res_cd_239-16_quimica.pdf\" target=\"_blank\" rel=\"noreferrer noopener\">Res. CD 239\/16 &#8211; Dpto. de Qu\u00edmica.<\/a><\/li>\n\n\n\n<li><a href=\"https:\/\/secretarias.fceqyn.unam.edu.ar\/academica\/wp-content\/uploads\/sites\/5\/2025\/12\/res_cd_337-16_form_disciplinar_enf1.pdf\" target=\"_blank\" rel=\"noreferrer noopener\">Res. CD 337\/16 &#8211; \u00c1rea de Formaci\u00f3n Disciplinar en Enfermer\u00eda I<\/a><\/li>\n\n\n\n<li><a href=\"https:\/\/secretarias.fceqyn.unam.edu.ar\/academica\/wp-content\/uploads\/sites\/5\/2025\/12\/res_cd_241-16_form_disciplinar_enf2.pdf\" target=\"_blank\" rel=\"noreferrer noopener\">Res. CD 241\/16 &#8211; \u00c1rea de Formaci\u00f3n Disciplinar en Enfermer\u00eda II<\/a><\/li>\n\n\n\n<li><a href=\"https:\/\/secretarias.fceqyn.unam.edu.ar\/academica\/wp-content\/uploads\/sites\/5\/2025\/12\/res_cd_250-16_genetica.pdf\" target=\"_blank\" rel=\"noreferrer noopener\">Res. CD 250\/16 &#8211; Dpto. de Gen\u00e9tica.<\/a><\/li>\n\n\n\n<li><a href=\"https:\/\/secretarias.fceqyn.unam.edu.ar\/academica\/wp-content\/uploads\/sites\/5\/2025\/12\/res_cd_336-16_microbiologia.pdf\" target=\"_blank\" rel=\"noreferrer noopener\">Res. CD 336\/16 &#8211; Dpto. de Microbiolog\u00eda.<\/a><\/li>\n\n\n\n<li><a href=\"https:\/\/secretarias.fceqyn.unam.edu.ar\/academica\/wp-content\/uploads\/sites\/5\/2025\/12\/res_cd_366-16_genetica_anexo.pdf\" target=\"_blank\" rel=\"noreferrer noopener\">Res. CD 366\/16 &#8211; Dpto. Gen\u00e9tica (incorpora al anexo de la Res. CD 250\/16)<\/a><\/li>\n<\/ul>\n","protected":false},"excerpt":{"rendered":"","protected":false},"author":1,"featured_media":0,"parent":3030,"menu_order":0,"comment_status":"closed","ping_status":"closed","template":"templates\/template-threecolumns-center.php","meta":[],"_links":{"self":[{"href":"https:\/\/secretarias.fceqyn.unam.edu.ar\/academica\/wp-json\/wp\/v2\/pages\/5401"}],"collection":[{"href":"https:\/\/secretarias.fceqyn.unam.edu.ar\/academica\/wp-json\/wp\/v2\/pages"}],"about":[{"href":"https:\/\/secretarias.fceqyn.unam.edu.ar\/academica\/wp-json\/wp\/v2\/types\/page"}],"author":[{"embeddable":true,"href":"https:\/\/secretarias.fceqyn.unam.edu.ar\/academica\/wp-json\/wp\/v2\/users\/1"}],"replies":[{"embeddable":true,"href":"https:\/\/secretarias.fceqyn.unam.edu.ar\/academica\/wp-json\/wp\/v2\/comments?post=5401"}],"version-history":[{"count":13,"href":"https:\/\/secretarias.fceqyn.unam.edu.ar\/academica\/wp-json\/wp\/v2\/pages\/5401\/revisions"}],"predecessor-version":[{"id":8397,"href":"https:\/\/secretarias.fceqyn.unam.edu.ar\/academica\/wp-json\/wp\/v2\/pages\/5401\/revisions\/8397"}],"up":[{"embeddable":true,"href":"https:\/\/secretarias.fceqyn.unam.edu.ar\/academica\/wp-json\/wp\/v2\/pages\/3030"}],"wp:attachment":[{"href":"https:\/\/secretarias.fceqyn.unam.edu.ar\/academica\/wp-json\/wp\/v2\/media?parent=5401"}],"curies":[{"name":"wp","href":"https:\/\/api.w.org\/{rel}","templated":true}]}}