{"id":4903,"date":"2017-11-22T15:36:15","date_gmt":"2017-11-22T15:36:15","guid":{"rendered":"http:\/\/www.fceqyn.unam.edu.ar\/academica\/?page_id=4903"},"modified":"2026-04-07T07:56:23","modified_gmt":"2026-04-07T10:56:23","slug":"planificacion-docente","status":"publish","type":"page","link":"https:\/\/secretarias.fceqyn.unam.edu.ar\/academica\/secretaria-de-academica\/docentes\/carrera-docente\/planificacion-docente\/","title":{"rendered":"Planificaci\u00f3n Docente"},"content":{"rendered":"\t\t<div data-elementor-type=\"wp-page\" data-elementor-id=\"4903\" class=\"elementor elementor-4903\" data-elementor-post-type=\"page\">\n\t\t\t\t<div data-particle_enable=\"false\" data-particle-mobile-disabled=\"false\" class=\"elementor-element elementor-element-66f779f5 e-flex e-con-boxed e-con e-parent\" data-id=\"66f779f5\" data-element_type=\"container\" data-core-v316-plus=\"true\">\n\t\t\t\t\t<div class=\"e-con-inner\">\n\t\t\t\t<div class=\"elementor-element elementor-element-49c2652d elementor-widget elementor-widget-text-editor\" data-id=\"49c2652d\" data-element_type=\"widget\" data-widget_type=\"text-editor.default\">\n\t\t\t\t<div class=\"elementor-widget-container\">\n\t\t\t<style>\/*! elementor - v3.20.0 - 20-03-2024 *\/\n.elementor-widget-text-editor.elementor-drop-cap-view-stacked .elementor-drop-cap{background-color:#69727d;color:#fff}.elementor-widget-text-editor.elementor-drop-cap-view-framed .elementor-drop-cap{color:#69727d;border:3px solid;background-color:transparent}.elementor-widget-text-editor:not(.elementor-drop-cap-view-default) .elementor-drop-cap{margin-top:8px}.elementor-widget-text-editor:not(.elementor-drop-cap-view-default) .elementor-drop-cap-letter{width:1em;height:1em}.elementor-widget-text-editor .elementor-drop-cap{float:left;text-align:center;line-height:1;font-size:50px}.elementor-widget-text-editor .elementor-drop-cap-letter{display:inline-block}<\/style>\t\t\t\t<!-- wp:list -->\n<ul><!-- wp:list-item -->\n<li><strong><span style=\"color: #008000\"><span style=\"color: #000000\">Plan de Actividades Docentes &#8211; Perfil A &#8211; Ense\u00f1anza, Investigaci\u00f3n y Extensi\u00f3n &#8211;<\/span> <a style=\"color: #008000\" href=\"https:\/\/secretarias.fceqyn.unam.edu.ar\/academica\/wp-content\/uploads\/sites\/5\/2025\/12\/Plan_Actividades_Docentes_A_Perfil_Elegido_Ensenanza_Investigacion_Extension.doc\" target=\"_blank\" rel=\"noreferrer noopener\">Descargar<\/a><\/span><\/strong><\/li>\n<!-- \/wp:list-item --><!-- wp:list-item -->\n<li><strong><span style=\"color: #008000\"><span style=\"color: #000000\">Plan de Actividades Docentes &#8211; Perfil B &#8211; Ense\u00f1anza e Investigaci\u00f3n &#8211;<\/span>\u00a0<a style=\"color: #008000\" href=\"https:\/\/secretarias.fceqyn.unam.edu.ar\/academica\/wp-content\/uploads\/sites\/5\/2025\/12\/Plan_Actividades_Docentes_B_Perfil_Elegido_Ensenanza_Investigacion.doc\" target=\"_blank\" rel=\"noreferrer noopener\">Descargar<\/a><\/span><\/strong><\/li>\n<!-- \/wp:list-item --><!-- wp:list-item -->\n<li><strong><span style=\"color: #008000\"><span style=\"color: #000000\">Plan de Actividades Docentes &#8211; Perfil C &#8211; Ense\u00f1anza y Extensi\u00f3n &#8211;<\/span>\u00a0<a style=\"color: #008000\" href=\"https:\/\/secretarias.fceqyn.unam.edu.ar\/academica\/wp-content\/uploads\/sites\/5\/2025\/12\/Plan_Actividades_Docentes_C_Perfil_Elegido_Ensenanza_Extension.doc\" target=\"_blank\" rel=\"noreferrer noopener\">Descargar<\/a><\/span><\/strong><\/li>\n<!-- \/wp:list-item --><\/ul>\n<p><strong><span style=\"color: #008000\"><!-- \/wp:list --><!-- wp:list --><\/span><\/strong><\/p>\n<ul><!-- wp:list-item -->\n<li><strong><span style=\"color: #008000\"><a style=\"color: #008000\" href=\"https:\/\/secretarias.fceqyn.unam.edu.ar\/academica\/wp-content\/uploads\/sites\/5\/2025\/12\/Cronograma-con-prorroga.pdf\" target=\"_blank\" rel=\"noreferrer noopener\">Consultar Fecha de Presentaci\u00f3n<\/a><\/span><\/strong><\/li>\n<!-- \/wp:list-item --><!-- wp:list-item -->\n<li><a href=\"https:\/\/secretarias.fceqyn.unam.edu.ar\/academica\/wp-content\/uploads\/sites\/5\/2025\/12\/ModeloNota-Elevacion-Planificaciones.doc\" target=\"_blank\" rel=\"noreferrer noopener\"><strong><span style=\"color: #008000\">Modelo Nota Elevaci\u00f3n Planificaci\u00f3n Docente<\/span><\/strong><\/a><\/li>\n<!-- \/wp:list-item --><\/ul>\n<!-- \/wp:list --><!-- wp:paragraph -->\n<p>\u00a0<\/p>\n<!-- \/wp:paragraph -->\t\t\t\t\t\t<\/div>\n\t\t\t\t<\/div>\n\t\t\t\t\t<\/div>\n\t\t\t\t<\/div>\n\t\t\t\t<\/div>\n\t\t","protected":false},"excerpt":{"rendered":"<p>\u00a0<\/p>\n","protected":false},"author":1,"featured_media":0,"parent":3030,"menu_order":0,"comment_status":"closed","ping_status":"closed","template":"","meta":[],"_links":{"self":[{"href":"https:\/\/secretarias.fceqyn.unam.edu.ar\/academica\/wp-json\/wp\/v2\/pages\/4903"}],"collection":[{"href":"https:\/\/secretarias.fceqyn.unam.edu.ar\/academica\/wp-json\/wp\/v2\/pages"}],"about":[{"href":"https:\/\/secretarias.fceqyn.unam.edu.ar\/academica\/wp-json\/wp\/v2\/types\/page"}],"author":[{"embeddable":true,"href":"https:\/\/secretarias.fceqyn.unam.edu.ar\/academica\/wp-json\/wp\/v2\/users\/1"}],"replies":[{"embeddable":true,"href":"https:\/\/secretarias.fceqyn.unam.edu.ar\/academica\/wp-json\/wp\/v2\/comments?post=4903"}],"version-history":[{"count":7,"href":"https:\/\/secretarias.fceqyn.unam.edu.ar\/academica\/wp-json\/wp\/v2\/pages\/4903\/revisions"}],"predecessor-version":[{"id":8938,"href":"https:\/\/secretarias.fceqyn.unam.edu.ar\/academica\/wp-json\/wp\/v2\/pages\/4903\/revisions\/8938"}],"up":[{"embeddable":true,"href":"https:\/\/secretarias.fceqyn.unam.edu.ar\/academica\/wp-json\/wp\/v2\/pages\/3030"}],"wp:attachment":[{"href":"https:\/\/secretarias.fceqyn.unam.edu.ar\/academica\/wp-json\/wp\/v2\/media?parent=4903"}],"curies":[{"name":"wp","href":"https:\/\/api.w.org\/{rel}","templated":true}]}}